{"id":9045,"date":"2025-10-13T13:10:21","date_gmt":"2025-10-13T13:10:21","guid":{"rendered":"https:\/\/amazonexpedition.com\/?page_id=9045"},"modified":"2025-10-13T14:36:52","modified_gmt":"2025-10-13T14:36:52","slug":"who-we-are-6","status":"publish","type":"page","link":"https:\/\/amazonexpedition.com\/?page_id=9045","title":{"rendered":"Who we are vALL"},"content":{"rendered":"\t\t<div data-elementor-type=\"wp-page\" data-elementor-id=\"9045\" class=\"elementor elementor-9045\" data-elementor-post-type=\"page\">\n\t\t\t\t<div class=\"elementor-element elementor-element-717896f e-flex e-con-boxed e-con e-parent\" data-id=\"717896f\" data-element_type=\"container\">\n\t\t\t\t\t<div class=\"e-con-inner\">\n\t\t\t\t<div class=\"elementor-element elementor-element-8805209 elementor-widget elementor-widget-heading\" data-id=\"8805209\" data-element_type=\"widget\" data-widget_type=\"heading.default\">\n\t\t\t\t<div class=\"elementor-widget-container\">\n\t\t\t<style>\/*! elementor - v3.21.0 - 18-04-2024 *\/\n.elementor-heading-title{padding:0;margin:0;line-height:1}.elementor-widget-heading .elementor-heading-title[class*=elementor-size-]>a{color:inherit;font-size:inherit;line-height:inherit}.elementor-widget-heading .elementor-heading-title.elementor-size-small{font-size:15px}.elementor-widget-heading .elementor-heading-title.elementor-size-medium{font-size:19px}.elementor-widget-heading .elementor-heading-title.elementor-size-large{font-size:29px}.elementor-widget-heading .elementor-heading-title.elementor-size-xl{font-size:39px}.elementor-widget-heading .elementor-heading-title.elementor-size-xxl{font-size:59px}<\/style><h2 class=\"elementor-heading-title elementor-size-default\">Hallo zusammen, wir sind Sara und Fred <\/h2>\t\t<\/div>\n\t\t\t\t<\/div>\n\t\t\t\t<div class=\"elementor-element elementor-element-481d485 elementor-widget elementor-widget-heading\" data-id=\"481d485\" data-element_type=\"widget\" data-widget_type=\"heading.default\">\n\t\t\t\t<div class=\"elementor-widget-container\">\n\t\t\t<h2 class=\"elementor-heading-title elementor-size-default\"><span style=\"font-size: 9px;\">Version in anderen Sprachen, siehe unten auf der Seite<\/span><\/h2>\t\t<\/div>\n\t\t\t\t<\/div>\n\t\t\t\t\t<\/div>\n\t\t\t\t<\/div>\n\t\t<div class=\"elementor-element elementor-element-f76f2d1 e-flex e-con-boxed e-con e-parent\" data-id=\"f76f2d1\" data-element_type=\"container\">\n\t\t\t\t\t<div class=\"e-con-inner\">\n\t\t<div class=\"elementor-element elementor-element-ca51223 e-con-full e-flex e-con e-child\" data-id=\"ca51223\" data-element_type=\"container\">\n\t\t\t\t<div class=\"elementor-element elementor-element-3e79dcf elementor-widget elementor-widget-text-editor\" data-id=\"3e79dcf\" data-element_type=\"widget\" data-widget_type=\"text-editor.default\">\n\t\t\t\t<div class=\"elementor-widget-container\">\n\t\t\t<style>\/*! elementor - v3.21.0 - 18-04-2024 *\/\n.elementor-widget-text-editor.elementor-drop-cap-view-stacked .elementor-drop-cap{background-color:#69727d;color:#fff}.elementor-widget-text-editor.elementor-drop-cap-view-framed .elementor-drop-cap{color:#69727d;border:3px solid;background-color:transparent}.elementor-widget-text-editor:not(.elementor-drop-cap-view-default) .elementor-drop-cap{margin-top:8px}.elementor-widget-text-editor:not(.elementor-drop-cap-view-default) .elementor-drop-cap-letter{width:1em;height:1em}.elementor-widget-text-editor .elementor-drop-cap{float:left;text-align:center;line-height:1;font-size:50px}.elementor-widget-text-editor .elementor-drop-cap-letter{display:inline-block}<\/style>\t\t\t\t<p>Ich, Sara, bin eine brasilianische Cabocola-Amazone, Nachfahrin des indigenen Volkes der Apiaka.Ich habe Fr\u00e9d\u00e9ric, einen franz\u00f6sischen Reisenden, w\u00e4hrend einer Weltreise in den Jahren 2014\/2015 kennengelernt. Die in den Bann gezogen wurden<em> (er wird erkl\u00e4ren, warum),<\/em> kam er w\u00e4hrend seiner Weltreise mehrmals zur\u00fcck und die Verbindungen zu meiner Familie entstanden auf nat\u00fcrliche Weise. Seit 2017 begr\u00fc\u00dfen wir Besucher aus der ganzen Welt, ohne besondere k\u00f6rperliche Bedingungen und jeden Alters, in unserer kleinen \u00d6ko- und Ethnotourismus-Struktur*, die aufregende Eintauchen in das authentische Leben des Amazonas bietet, sowohl im opulenten Prim\u00e4rwald als auch mit einheimischen und indigenen Gemeinschaften.<\/p>\t\t\t\t\t\t<\/div>\n\t\t\t\t<\/div>\n\t\t\t\t<\/div>\n\t\t<div class=\"elementor-element elementor-element-2482497 e-con-full e-flex e-con e-child\" data-id=\"2482497\" data-element_type=\"container\">\n\t\t\t\t<div class=\"elementor-element elementor-element-88a9d6c elementor-widget elementor-widget-ld_fancy_image\" data-id=\"88a9d6c\" data-element_type=\"widget\" data-widget_type=\"ld_fancy_image.default\">\n\t\t\t\t<div class=\"elementor-widget-container\">\n\t\t\t\n\t\t<div class=\"lqd-imggrp-single d-block pos-rel \">\n\t\t\t<div class=\"lqd-imggrp-img-container d-inline-flex pos-rel align-items-center justify-content-center \">\n\t\t\t\t\t\t\t\t<figure class=\"w-100 pos-rel\">\n\t\t\t\t\t<img fetchpriority=\"high\" decoding=\"async\" width=\"5496\" height=\"3299\" src=\"https:\/\/amazonexpedition.com\/wp-content\/uploads\/2024\/05\/nos.jpg\" class=\"attachment-full size-full wp-image-7521\" alt=\"\" srcset=\"https:\/\/amazonexpedition.com\/wp-content\/uploads\/2024\/05\/nos.jpg 5496w, https:\/\/amazonexpedition.com\/wp-content\/uploads\/2024\/05\/nos-300x180.jpg 300w, https:\/\/amazonexpedition.com\/wp-content\/uploads\/2024\/05\/nos-1024x615.jpg 1024w, https:\/\/amazonexpedition.com\/wp-content\/uploads\/2024\/05\/nos-1536x922.jpg 1536w, https:\/\/amazonexpedition.com\/wp-content\/uploads\/2024\/05\/nos-2048x1229.jpg 2048w\" sizes=\"(max-width: 5496px) 100vw, 5496px\" itemprop=\"image\" \/>\t\t\t\t\t\t\t\t\t\t\t\t\t\t\t\t\t\t\t\t\t\t\t\t\t\t\t\t\t<\/figure>\n\t\t\t<\/div>\n\t\t<\/div>\n\n\t\t\t<\/div>\n\t\t\t\t<\/div>\n\t\t\t\t<\/div>\n\t\t\t\t\t<\/div>\n\t\t\t\t<\/div>\n\t\t<div class=\"elementor-element elementor-element-21437c1 e-flex e-con-boxed e-con e-parent\" data-id=\"21437c1\" data-element_type=\"container\">\n\t\t\t\t\t<div class=\"e-con-inner\">\n\t\t\t\t<div class=\"elementor-element elementor-element-52aa22d elementor-widget elementor-widget-text-editor\" data-id=\"52aa22d\" data-element_type=\"widget\" data-widget_type=\"text-editor.default\">\n\t\t\t\t<div class=\"elementor-widget-container\">\n\t\t\t\t\t\t\t<p>Wenn ich jetzt die franz\u00f6sische Sprache gut beherrsche, habe ich etwas mehr Schwierigkeiten, es zu schreiben, also lasse ich Sie unten mit Fred mehr entdecken und lade Sie ein, sich dieses kleine Pr\u00e4sentationsvideo anzusehen, <a href=\"https:\/\/youtu.be\/5lj0vYRkoxs\">indem Sie hier klicken.<\/a><br \/><strong>Z\u00f6gern Sie nicht, uns zu kontaktieren und Ihr zuk\u00fcnftiges Reiseprojekt zu besprechen&#8230; Sie werden sehen, der Amazonas \u00fcberrascht noch mehr, als Sie sich vorstellen!<br \/><\/strong><em>PS: Unser Team ist eine gro\u00dfe Familie, die sich aus englischen, italienischen, portugiesischen, spanischen und nat\u00fcrlich franz\u00f6sisch sprechenden Guides zusammensetzt, aber auch aus Auto-, Minibus- und Busfahrern, die Sie am Flughafen abholen, Piloten von kleinen motorisierten Booten und regionalen Bootskapit\u00e4nen; alle sind nat\u00fcrlich gesetzlich befugt. <\/em><em>Zu unserem Personal geh\u00f6ren auch K\u00f6che, Masseurinnen, Partner, die Pensionen besitzen&#8230; ohne nat\u00fcrlich unsere Gastgeber und Freunde, die einheimischen Caboclos, Ribeirinhos und Einheimischen zu vergessen, die uns immer ihre Arme und ihre T\u00fcren weit \u00f6ffnen, dem\u00fctig ihr angestammtes Wissen teilen und uns mit ihrer Freundlichkeit und ihrem L\u00e4cheln erleuchten&#8230; Ein gro\u00dfes Dankesch\u00f6n an alle!<\/em><\/p><p style=\"text-align: center;\"><em>___________<\/em><\/p><p>Wenn ich jetzt die franz\u00f6sische Sprache gut beherrsche, habe ich etwas mehr Schwierigkeiten, es zu schreiben, also lasse ich Sie unten mit Fred mehr entdecken und lade Sie ein, sich dieses kleine Pr\u00e4sentationsvideo anzusehen, <a href=\"https:\/\/youtu.be\/5lj0vYRkoxs\">indem Sie hier klicken.<\/a><br \/><strong>Z\u00f6gern Sie nicht, uns zu kontaktieren und Ihr zuk\u00fcnftiges Reiseprojekt zu besprechen&#8230; Sie werden sehen, der Amazonas \u00fcberrascht noch mehr, als Sie sich vorstellen!<br \/><\/strong><em>PS: Unser Team ist eine gro\u00dfe Familie, die sich aus englischen, italienischen, portugiesischen, spanischen und nat\u00fcrlich franz\u00f6sisch sprechenden Guides zusammensetzt, aber auch aus Auto-, Minibus- und Busfahrern, die Sie am Flughafen abholen, Piloten von kleinen motorisierten Booten und regionalen Bootskapit\u00e4nen; alle sind nat\u00fcrlich gesetzlich befugt. <\/em><em>Zu unserem Personal geh\u00f6ren auch K\u00f6che, Masseurinnen, Partner, die Pensionen besitzen&#8230; ohne nat\u00fcrlich unsere Gastgeber und Freunde, die einheimischen Caboclos, Ribeirinhos und Einheimischen zu vergessen, die uns immer ihre Arme und ihre T\u00fcren weit \u00f6ffnen, dem\u00fctig ihr angestammtes Wissen teilen und uns mit ihrer Freundlichkeit und ihrem L\u00e4cheln erleuchten&#8230; Ein gro\u00dfes Dankesch\u00f6n an alle!<\/em><\/p><p><strong>Als ehemaliger Weltreisender, der ich bin, k\u00f6nnen Sie sich zu Recht vorstellen, dass ich Authentizit\u00e4t und immersives Reisen liebe.<\/strong><br \/>Auf diese Weise ist es mir im Laufe der Zeit gelungen, starke Verbindungen zu den lokalen Bev\u00f6lkerungen zu kn\u00fcpfen, sowohl in den kleinen Gemeinschaften, die an den Ufern der Fl\u00fcsse leben, als auch zu den indigenen V\u00f6lkern; Und dar\u00fcber hinaus sah ich in ihnen eine echte Gegenseitigkeit, einen Wunsch und eine Notwendigkeit, qualitative Besuche in kleinen Gruppen zu erhalten, um einen fairen und nachhaltigen Tourismus zu gew\u00e4hrleisten, der sofort von Vorteil ist!<\/p><p>Sie werden selbst sehen, keine Entfernung, kein Vermittler, die Einheimischen, die uns empfangen werden, sind von gro\u00dfer Einfachheit, gepaart mit einer ansteckenden Gro\u00dfz\u00fcgigkeit. Wir nehmen Sie mit auf ihr Land, in ihren bescheidenen Lebensraum, in eine kleine Holzh\u00fctte oder eine Stroh-Maloca, denn es ist ihr Wunsch, Sie auf diese Weise zu empfangen, ihr Essen zu teilen oder Sie in ihre Rituale einzubeziehen.<\/p><p>Weit entfernt von einem Massentourismus ohne Seele und Geschmack, hat diese aufregende Entwicklung vom \u00d6kotourismus zum Ethnotourismus, der in tiefem Respekt vor ihren Kulturen und Traditionen durchgef\u00fchrt wird, zu einer konkreten Auswirkung auf die menschliche Ebene f\u00fcr beide Parteien gef\u00fchrt, die sich in sozio\u00f6konomischen und \u00f6kologischen Vorteilen niederschl\u00e4gt. Du wirst von ihnen lernen, so wie sie von dir lernen werden. Sara und ich garantieren den Vermittler, organisieren Ihren Aufenthalt, Ihre wirklichen F\u00fchrer sind die Ureinwohner der Flussufergemeinden und der indigenen &#8220;Aldeias&#8221; (D\u00f6rfer).<\/p><p>Es ist also diese eindrucksvolle Reise, die Sara und ich Ihnen anbieten, ein authentischer und bewegender kultureller Austausch in grandiosen Landschaften, eine unglaubliche Entdeckung eines Alltags, der so weit von Ihrem entfernt ist, eine intensive Lebenslektion, die uns f\u00fcr die pers\u00f6nliche Entwicklung eines jeden von uns n\u00fctzlich erscheint&#8230; Oder meiner Meinung nach sogar unverzichtbar f\u00fcr diejenigen, die sich &#8220;weiterentwickeln&#8221; wollen.<\/p><p><strong>Nachdem ich den Menschen erw\u00e4hnt habe, m\u00f6chte ich mit Ihnen teilen, was mir der Amazonas offenbart hat, ohne dass ich es erwartet habe.<\/strong><\/p><p>Wie ich bereits erw\u00e4hnt habe, fand meine Entdeckung dieses Paradieses statt, als ich in den Jahren 2014 und 2015 auf einer Welttournee war.<\/p><p>Drei Jahre zuvor war ich in Frankreich Opfer eines schweren Sturzes geworden, der eine mehr als zweij\u00e4hrige Rehabilitation erforderte. In einem spezialisierten Zentrum musste ich zun\u00e4chst darum k\u00e4mpfen, wieder sitzen zu k\u00f6nnen, mich an das Leben im Rollstuhl zu gew\u00f6hnen, dann mit Hilfe von Kr\u00fccken aufzustehen und schlie\u00dflich, und nicht ohne Schwierigkeiten, wieder zu lernen, zu&#8230; 37 Jahre alt.<\/p><p>Als ich das Krankenhaus mit diesem neuen Status als Behinderter verlie\u00df, beschloss ich, allein mit einem Stock in der Hand und einer gro\u00dfen Tasche auf dem R\u00fccken die Welt zu bereisen und Dutzende von L\u00e4ndern zu besuchen, die mir noch unbekannt waren, um meinen &#8220;reparierten&#8221; K\u00f6rper zu \u00fcberpr\u00fcfen und seine neuen Grenzen zu kennen.<\/p><p>So war ich w\u00e4hrend meines Besuchs im Amazonasgebiet \u00fcberrascht, als ich neben den Wundern der Natur feststellte, dass das Klima und die Energie des Ortes f\u00fcr meinen K\u00f6rper &#8220;therapeutisch&#8221; zu sein schienen, ich f\u00fchlte <em>(und f\u00fchle)<\/em> hier eindeutig weniger Schmerzen als irgendwo sonst auf der Welt. W\u00e4hrend sich viele andere geplante Reiseziele als spannend oder informativ erwiesen haben, hat mich keines so beruhigt wie der Amazonas&#8230; Andere Regionen der Welt, die ich unbedingt besuchen wollte, sind von mir wegger\u00fcckt, w\u00e4hrend ich paradoxerweise immer n\u00e4her kam, mein K\u00f6rper nicht mehr in der Lage war, zu niedrige Temperaturen auszuhalten.<\/p><p>Wenn ich logischerweise die Feuchtgebiete f\u00fcrchtete, von denen ich wusste, dass sie Gelenkschmerzen aufwiesen, war dieser karibische Amazonas entgegen aller Wahrscheinlichkeit eine echte Offenbarung.<\/p><p>Zwischen dem zu touristischen und extrem feuchten Amazonas von Manaus auf der einen Seite und der Amazonas-Savanne auf der anderen Seite <em>gelegen (ja, das habe ich auch entdeckt),<\/em> werden Sie fasziniert sein, neben dem erwarteten Szenario ein hei\u00dfes, aber alles andere als erstickendes Klima, heimliche Regenf\u00e4lle von unglaublicher Sch\u00f6nheit, paradiesische wei\u00dfe Sandstr\u00e4nde, die unvorstellbares Schwimmen erm\u00f6glichen, zu entdecken,\u00a0 und N\u00e4chte ohne &#8230; Moskito!Ja, ja!!<\/p><p>Diese Enth\u00fcllung, die mir die Amazone angeboten hat, wird eine Quelle des Erstaunens gewesen sein, so dass ich w\u00e4hrend meiner gesamten WM-Reise 3 Mal zur\u00fcckkehre, um mich von ihren Tugenden best\u00e4tigen zu lassen und schlie\u00dflich die Initiative zu ergreifen, mich dort niederzulassen.<\/p><p><strong>Mein Wunsch, die Energie des Amazonas zu atmen, aufzunehmen und dann mit anderen zu teilen, war geboren<\/strong>!<\/p><p>Wir haben uns daher unsere Angebote vorgestellt und vervollst\u00e4ndigt, indem wir an Sie gedacht haben, an das Publikum, das f\u00fcr sch\u00f6ne Vibes empf\u00e4nglich ist, an diejenigen, die Fluchten, aber auch Einfachheit und Gro\u00dfz\u00fcgigkeit suchen, an Sie, die sich f\u00fcr Aktivit\u00e4ten mitten in der Natur begeistern oder Liebhaber des Wanderns sind, f\u00fcr alle, die sich immer mehr von der Betrachtung neuer Natursch\u00f6nheiten \u00fcberraschen lassen oder entfliehen m\u00f6chten, um ihre Sinne zu erforschen,\u00a0 Die eigene Seele in einer Umgebung mit einzigartigen Strahlungen entwickeln zu lassen, die mit Suggestionen aufgeladen sind, die zur Stimulation des Unbewussten und zur emotionalen Befreiung anregen, g\u00fcnstig f\u00fcr das H\u00f6ren auf unsere Intuitionen und die Erhebung unserer Spiritualit\u00e4t im gr\u00f6\u00dften Wald der Welt.<\/p><p>Und dann nat\u00fcrlich, was eine gro\u00dfe Quelle des Stolzes ist, der beweist, dass eine kleine Struktur f\u00fchrend sein und den Weg weisen kann, werden wir uns freuen, euch sehr bald empfangen zu k\u00f6nnen, ihr, meine Br\u00fcder im Kampf mit motorischen Beeintr\u00e4chtigungen. Fortsetzung folgt auf der Seite Inclusive Travel.<\/p><p>In diesen schwierigen Zeiten, in denen die Geburt auf der einen oder anderen Seite einer Grenze eine Existenz f\u00fcr immer pr\u00e4gen kann, in denen Politik, Ersparnisse und Profite die unersch\u00fctterlichen Vektoren unserer F\u00fchrer zu sein scheinen, in denen ein Virus uns monatelang zwischen 4 W\u00e4nden isoliert und das Virtuelle Vorrang vor der Geselligkeit hat, wird eine R\u00fcckkehr zu den Quellen dieser Natur offensichtlich.\u00a0 eine Notwendigkeit f\u00fcr das Erwachen des Herzens und der Seele; ein Aufruf zum Respekt f\u00fcr die anderen, die sogenannten schw\u00e4chsten Populationen, eine Einladung, das Ged\u00e4chtnis und das Wissen der Vorfahren zu respektieren, die durch die menschliche Evolution immer mehr vernichtet wurden, und nat\u00fcrlich eine Ermahnung, unsere Erde und ihre \u00fcppige Natur zu respektieren, vielleicht zu gro\u00dfz\u00fcgig gegen\u00fcber der egoistischen Tierart, die sich selbst als &#8220;entwickelt&#8221; bezeichnet.<\/p><p>So werdet ihr vielleicht noch mehr verstehen, wenn ihr nach Europa oder anderswo zur\u00fcckkehrt, den Grund, warum ihr euch vor vielen Wochen f\u00fcr dieses Reiseziel entschieden habt. Wahrscheinlich werden Sie, wie andere Reisende vor Ihnen, uns Monate und Jahre nach Ihrer Begegnung mit dem Amazonas schreiben, um uns mitzuteilen, wie sehr die Demut, die durch solche Entdeckungen auferlegt wurde, an Ihrer Evolution teilgenommen hat und das, was Sie f\u00fcr nur eine Reise hielten, in mehrere verwandelt hat&#8230;<\/p><p>\u00a0\ud83d\ude4f\ud83c\udffdBis bald, Fr\u00e9d\u00e9ric &amp; Sara<\/p><p><span style=\"font-size: 12px;\"><em>*<\/em><em>Unternehmen, das beim brasilianischen Tourismusministerium unter der Nummer 28.835.076\/0001-56 registriert ist<\/em><\/span><\/p><p style=\"text-align: center;\"><a href=\"https:\/\/amazonexpedition.com\/?p=9075\"><strong><em>Entdecken Sie das Portr\u00e4t von Bruna, unserer Therapeutin, indem Sie hier klicken.<\/em><\/strong><\/a><\/p><p style=\"text-align: center;\"><em><br \/><img decoding=\"async\" class=\"size-medium wp-image-8149 aligncenter\" src=\"https:\/\/amazonexpedition.com\/wp-content\/uploads\/2024\/10\/SaveClip.App_373298657_18277306969198108_5082324969075758334_n-240x300.jpg\" alt=\"\" width=\"240\" height=\"300\" srcset=\"https:\/\/amazonexpedition.com\/wp-content\/uploads\/2024\/10\/SaveClip.App_373298657_18277306969198108_5082324969075758334_n-240x300.jpg 240w, https:\/\/amazonexpedition.com\/wp-content\/uploads\/2024\/10\/SaveClip.App_373298657_18277306969198108_5082324969075758334_n-819x1024.jpg 819w, https:\/\/amazonexpedition.com\/wp-content\/uploads\/2024\/10\/SaveClip.App_373298657_18277306969198108_5082324969075758334_n.jpg 1440w\" sizes=\"(max-width: 240px) 100vw, 240px\" \/><\/em><\/p><p style=\"text-align: center;\"><em><a href=\"https:\/\/amazonexpedition.com\/?page_id=7515\" target=\"_blank\" rel=\"noopener\">Originalfassung Franz\u00f6sisch<\/a> \/ <a href=\"https:\/\/amazonexpedition.com\/?page_id=9020\" target=\"_blank\" rel=\"noopener\">Englische Fassung<\/a> \/ <a href=\"https:\/\/amazonexpedition.com\/?page_id=9026\" target=\"_blank\" rel=\"noopener\">Spanische Fassung<\/a> \/ <a href=\"https:\/\/amazonexpedition.com\/?page_id=9031\" target=\"_blank\" rel=\"noopener\">Portugiesische Fassung<\/a> \/ <a href=\"https:\/\/amazonexpedition.com\/?page_id=9039\" target=\"_blank\" rel=\"noopener\">Italienische Fassung<\/a><br \/><\/em><\/p>\t\t\t\t\t\t<\/div>\n\t\t\t\t<\/div>\n\t\t\t\t\t<\/div>\n\t\t\t\t<\/div>\n\t\t<div class=\"elementor-element elementor-element-f6a88a2 e-flex e-con-boxed e-con e-parent\" data-id=\"f6a88a2\" data-element_type=\"container\">\n\t\t\t\t\t<div class=\"e-con-inner\">\n\t\t\t\t\t<\/div>\n\t\t\t\t<\/div>\n\t\t\t\t<\/div>\n\t\t","protected":false},"excerpt":{"rendered":"<p>Hallo zusammen, wir sind Sara und Fred Version in anderen Sprachen, siehe unten auf der Seite Ich, Sara, bin eine brasilianische Cabocola-Amazone, Nachfahrin des indigenen Volkes der Apiaka.Ich habe Fr\u00e9d\u00e9ric, einen franz\u00f6sischen Reisenden, w\u00e4hrend einer Weltreise in den Jahren 2014\/2015 kennengelernt. Die in den Bann gezogen wurden (er wird erkl\u00e4ren, warum), kam er w\u00e4hrend seiner [&hellip;]<\/p>\n","protected":false},"author":1,"featured_media":0,"parent":0,"menu_order":0,"comment_status":"closed","ping_status":"closed","template":"elementor_header_footer","meta":{"footnotes":""},"class_list":["post-9045","page","type-page","status-publish","hentry"],"_links":{"self":[{"href":"https:\/\/amazonexpedition.com\/index.php?rest_route=\/wp\/v2\/pages\/9045","targetHints":{"allow":["GET"]}}],"collection":[{"href":"https:\/\/amazonexpedition.com\/index.php?rest_route=\/wp\/v2\/pages"}],"about":[{"href":"https:\/\/amazonexpedition.com\/index.php?rest_route=\/wp\/v2\/types\/page"}],"author":[{"embeddable":true,"href":"https:\/\/amazonexpedition.com\/index.php?rest_route=\/wp\/v2\/users\/1"}],"replies":[{"embeddable":true,"href":"https:\/\/amazonexpedition.com\/index.php?rest_route=%2Fwp%2Fv2%2Fcomments&post=9045"}],"version-history":[{"count":13,"href":"https:\/\/amazonexpedition.com\/index.php?rest_route=\/wp\/v2\/pages\/9045\/revisions"}],"predecessor-version":[{"id":9109,"href":"https:\/\/amazonexpedition.com\/index.php?rest_route=\/wp\/v2\/pages\/9045\/revisions\/9109"}],"wp:attachment":[{"href":"https:\/\/amazonexpedition.com\/index.php?rest_route=%2Fwp%2Fv2%2Fmedia&parent=9045"}],"curies":[{"name":"wp","href":"https:\/\/api.w.org\/{rel}","templated":true}]}}