{"id":9031,"date":"2025-10-13T12:14:04","date_gmt":"2025-10-13T12:14:04","guid":{"rendered":"https:\/\/amazonexpedition.com\/?page_id=9031"},"modified":"2025-10-13T14:52:45","modified_gmt":"2025-10-13T14:52:45","slug":"who-we-are-4","status":"publish","type":"page","link":"https:\/\/amazonexpedition.com\/?page_id=9031","title":{"rendered":"Who we are vPOR"},"content":{"rendered":"\t\t<div data-elementor-type=\"wp-page\" data-elementor-id=\"9031\" class=\"elementor elementor-9031\" data-elementor-post-type=\"page\">\n\t\t\t\t<div class=\"elementor-element elementor-element-717896f e-flex e-con-boxed e-con e-parent\" data-id=\"717896f\" data-element_type=\"container\">\n\t\t\t\t\t<div class=\"e-con-inner\">\n\t\t\t\t<div class=\"elementor-element elementor-element-8805209 elementor-widget elementor-widget-heading\" data-id=\"8805209\" data-element_type=\"widget\" data-widget_type=\"heading.default\">\n\t\t\t\t<div class=\"elementor-widget-container\">\n\t\t\t<style>\/*! elementor - v3.21.0 - 18-04-2024 *\/\n.elementor-heading-title{padding:0;margin:0;line-height:1}.elementor-widget-heading .elementor-heading-title[class*=elementor-size-]>a{color:inherit;font-size:inherit;line-height:inherit}.elementor-widget-heading .elementor-heading-title.elementor-size-small{font-size:15px}.elementor-widget-heading .elementor-heading-title.elementor-size-medium{font-size:19px}.elementor-widget-heading .elementor-heading-title.elementor-size-large{font-size:29px}.elementor-widget-heading .elementor-heading-title.elementor-size-xl{font-size:39px}.elementor-widget-heading .elementor-heading-title.elementor-size-xxl{font-size:59px}<\/style><h2 class=\"elementor-heading-title elementor-size-default\">Ol\u00e1 a todos, somos Sara e Fred <\/h2>\t\t<\/div>\n\t\t\t\t<\/div>\n\t\t\t\t<div class=\"elementor-element elementor-element-481d485 elementor-widget elementor-widget-heading\" data-id=\"481d485\" data-element_type=\"widget\" data-widget_type=\"heading.default\">\n\t\t\t\t<div class=\"elementor-widget-container\">\n\t\t\t<h2 class=\"elementor-heading-title elementor-size-default\"><span style=\"font-size: 9px;\">vers\u00f5es noutras l\u00ednguas, consulte o final da p\u00e1gina<\/span><\/h2>\t\t<\/div>\n\t\t\t\t<\/div>\n\t\t\t\t\t<\/div>\n\t\t\t\t<\/div>\n\t\t<div class=\"elementor-element elementor-element-f76f2d1 e-flex e-con-boxed e-con e-parent\" data-id=\"f76f2d1\" data-element_type=\"container\">\n\t\t\t\t\t<div class=\"e-con-inner\">\n\t\t<div class=\"elementor-element elementor-element-ca51223 e-con-full e-flex e-con e-child\" data-id=\"ca51223\" data-element_type=\"container\">\n\t\t\t\t<div class=\"elementor-element elementor-element-3e79dcf elementor-widget elementor-widget-text-editor\" data-id=\"3e79dcf\" data-element_type=\"widget\" data-widget_type=\"text-editor.default\">\n\t\t\t\t<div class=\"elementor-widget-container\">\n\t\t\t<style>\/*! elementor - v3.21.0 - 18-04-2024 *\/\n.elementor-widget-text-editor.elementor-drop-cap-view-stacked .elementor-drop-cap{background-color:#69727d;color:#fff}.elementor-widget-text-editor.elementor-drop-cap-view-framed .elementor-drop-cap{color:#69727d;border:3px solid;background-color:transparent}.elementor-widget-text-editor:not(.elementor-drop-cap-view-default) .elementor-drop-cap{margin-top:8px}.elementor-widget-text-editor:not(.elementor-drop-cap-view-default) .elementor-drop-cap-letter{width:1em;height:1em}.elementor-widget-text-editor .elementor-drop-cap{float:left;text-align:center;line-height:1;font-size:50px}.elementor-widget-text-editor .elementor-drop-cap-letter{display:inline-block}<\/style>\t\t\t\t<p>Eu, Sara, sou Amaz\u00f4nia cabocla brasileira, descendente do povo ind\u00edgena Apiaka. Conheci Fr\u00e9d\u00e9ric, um viajante franc\u00eas enquanto ele estava em uma turn\u00ea mundial em 2014\/2015. Caindo sob o feiti\u00e7o da Amaz\u00f4nia <em>(ele explicar\u00e1 o porqu\u00ea),<\/em> ele voltou v\u00e1rias vezes durante sua viagem ao mundo e os la\u00e7os foram naturalmente criados com minha fam\u00edlia. Desde 2017, recebemos visitantes de todo o mundo, sem condi\u00e7\u00f5es f\u00edsicas particulares e de todas as idades, em nossa pequena estrutura* de eco e etnoturismo, oferecendo imers\u00f5es emocionantes na aut\u00eantica vida amaz\u00f4nica, tanto na opulenta floresta prim\u00e1ria quanto com comunidades nativas e ind\u00edgenas.<\/p>\t\t\t\t\t\t<\/div>\n\t\t\t\t<\/div>\n\t\t\t\t<\/div>\n\t\t<div class=\"elementor-element elementor-element-2482497 e-con-full e-flex e-con e-child\" data-id=\"2482497\" data-element_type=\"container\">\n\t\t\t\t<div class=\"elementor-element elementor-element-88a9d6c elementor-widget elementor-widget-ld_fancy_image\" data-id=\"88a9d6c\" data-element_type=\"widget\" data-widget_type=\"ld_fancy_image.default\">\n\t\t\t\t<div class=\"elementor-widget-container\">\n\t\t\t\n\t\t<div class=\"lqd-imggrp-single d-block pos-rel \">\n\t\t\t<div class=\"lqd-imggrp-img-container d-inline-flex pos-rel align-items-center justify-content-center \">\n\t\t\t\t\t\t\t\t<figure class=\"w-100 pos-rel\">\n\t\t\t\t\t<img fetchpriority=\"high\" decoding=\"async\" width=\"5496\" height=\"3299\" src=\"https:\/\/amazonexpedition.com\/wp-content\/uploads\/2024\/05\/nos.jpg\" class=\"attachment-full size-full wp-image-7521\" alt=\"\" srcset=\"https:\/\/amazonexpedition.com\/wp-content\/uploads\/2024\/05\/nos.jpg 5496w, https:\/\/amazonexpedition.com\/wp-content\/uploads\/2024\/05\/nos-300x180.jpg 300w, https:\/\/amazonexpedition.com\/wp-content\/uploads\/2024\/05\/nos-1024x615.jpg 1024w, https:\/\/amazonexpedition.com\/wp-content\/uploads\/2024\/05\/nos-1536x922.jpg 1536w, https:\/\/amazonexpedition.com\/wp-content\/uploads\/2024\/05\/nos-2048x1229.jpg 2048w\" sizes=\"(max-width: 5496px) 100vw, 5496px\" itemprop=\"image\" \/>\t\t\t\t\t\t\t\t\t\t\t\t\t\t\t\t\t\t\t\t\t\t\t\t\t\t\t\t\t<\/figure>\n\t\t\t<\/div>\n\t\t<\/div>\n\n\t\t\t<\/div>\n\t\t\t\t<\/div>\n\t\t\t\t<\/div>\n\t\t\t\t\t<\/div>\n\t\t\t\t<\/div>\n\t\t<div class=\"elementor-element elementor-element-21437c1 e-flex e-con-boxed e-con e-parent\" data-id=\"21437c1\" data-element_type=\"container\">\n\t\t\t\t\t<div class=\"e-con-inner\">\n\t\t\t\t<div class=\"elementor-element elementor-element-52aa22d elementor-widget elementor-widget-text-editor\" data-id=\"52aa22d\" data-element_type=\"widget\" data-widget_type=\"text-editor.default\">\n\t\t\t\t<div class=\"elementor-widget-container\">\n\t\t\t\t\t\t\t<p>Se eu tenho agora um bom dom\u00ednio da l\u00edngua francesa, tenho um pouco mais de dificuldade em escrev\u00ea-la, ent\u00e3o deixo voc\u00ea descobrir mais abaixo com Fred e convido voc\u00ea a assistir a este pequeno v\u00eddeo de apresenta\u00e7\u00e3o <a href=\"https:\/\/youtu.be\/5lj0vYRkoxs\">clicando aqui.<\/a><br \/><strong>N\u00e3o hesite em contactar-nos e discutir o seu futuro projeto de viagem&#8230; voc\u00ea vai ver, a Amaz\u00f4nia surpreende ainda mais do que voc\u00ea imagina!<br \/><\/strong><em>ps: a nossa equipa \u00e9 uma grande fam\u00edlia composta por guias de l\u00edngua inglesa, italiana, portuguesa, espanhola e, claro, francesa, mas tamb\u00e9m motoristas de autom\u00f3veis, miniautocarros e camionetas que o v\u00e3o buscar ao aeroporto, pilotos de pequenas embarca\u00e7\u00f5es motorizadas e capit\u00e3es de barcos regionais, todos eles est\u00e3o legalmente autorizados. Nossa equipe tamb\u00e9m inclui cozinheiros, massagistas, parceiros que possuem casas de h\u00f3spedes. . . sem esquecer, claro, nossos anfitri\u00f5es e amigos, caboclos, ribeirinhos e nativos que sempre abrem os bra\u00e7os e as portas escancaram para n\u00f3s, compartilhando humildemente seus saberes ancestrais e que nos iluminam com sua bondade e seus sorrisos&#8230; Um grande obrigado a todos!<\/em><\/p><p style=\"text-align: center;\"><em>___________<\/em><\/p><p>Ol\u00e1, eu sou Fred, um Franc\u00eas da regi\u00e3o Bretagne (Breizh) que vive na Amaz\u00f4nia brasileira desde 2016. Com minha esposa Sara, uma native dai, e nossos dois filhos nascidos aqui, gosto de lembrar a uni\u00e3o de nossas respetivas ra\u00edzes, tornando-nos uma pequena fam\u00edlia de &#8230; Breizhiliens.<\/p><p>Eu poderia muito bem introduzir rapidamente meus amores nesta apresenta\u00e7\u00e3o, porque, em qualquer caso, ser\u00e1 dif\u00edcil para voc\u00ea n\u00e3o conhec\u00ea-los quando vier aqui, j\u00e1 que estamos t\u00e3o conectados.<\/p><p>Viver em condi\u00e7\u00f5es t\u00e3o distantes do seu quotidiano, com uma forma local de operar mas tamb\u00e9m infraestruturas, um sistema, um ritmo t\u00e3o diferente da vida europeia&#8230; Todos estes elementos significam que a organiza\u00e7\u00e3o da nossa pequena empresa \u00e9 necessariamente familiar. Nossas expedi\u00e7\u00f5es em terras ind\u00edgenas por v\u00e1rios dias, temos que compor, \u00e0s vezes alternamos entre Sara, nossos guias e eu ou pelo contr\u00e1rio vamos todos juntos &#8220;em fam\u00edlia&#8221; para saborear a realidade de nossos anfitri\u00f5es, guardi\u00f5es da floresta.<\/p><p><strong>Mas como assim ?<br \/>Um franc\u00eas para te ajudar a descobrir as Maravilhas da Amaz\u00f4nia, um pouco surpreendente, n\u00e3o \u00e9 mesmo?<br \/><\/strong><\/p><p>Bem, nem tanto, porque precisamente antes disso, eu era o turista que voc\u00ea \u00e9, e foi tamb\u00e9m atrav\u00e9s de um franc\u00eas, Bernard, dono do famoso barco Amazon Dream, que descobri a regi\u00e3o em 2014, enquanto fazia um World Tour.\u00a0 Fui visitar mais do que os roteiros existentes, e \u00e9 por isso que hoje podemos nos orgulhar de oferecer pacotes exclusivos que voc\u00ea n\u00e3o encontrar\u00e1 em nenhum outro lugar.<\/p><p>\u00c9 claro que n\u00e3o me esqueci do que eu mesmo vim aqui na \u00e9poca e, portanto, quais podem ser suas expectativas com a ideia de viajar por esta Terra m\u00edtica.<\/p><p>Mas mais do que uma terra, s\u00e3o os seus majestosos rios que levaremos para descobrir as riquezas da regi\u00e3o. Para isso, nossa frota \u00e9 composta por v\u00e1rios barcos e se oferecermos os mesmos cruzeiros Amazon Dream que excelentes colegas franceses em seus sites especializados em viagens para o outro lado do mundo, Bernard aceita de bom grado que podemos fretar o Amazon Dream para grupos que desejam ter um programa personalizado. Esta possibilidade de viagens &#8220;sob medida&#8221; tamb\u00e9m \u00e9 poss\u00edvel a bordo do Belle Amazon ou Amazon Dolphin, Giuseppe II, Comandante Emanuel e, finalmente, Comandante Levi, dos quais somos os \u00fanicos operadores e representantes na Europa.<\/p><p><strong>Para o antigo &#8220;viajante pelo mundo&#8221; que eu sou, voc\u00ea pode, e com raz\u00e3o, imaginar-me apaixonado por autenticidade e viagens imersivas.<\/strong><br \/>Foi assim que, ao longo do tempo, consegui criar la\u00e7os fortes com as popula\u00e7\u00f5es locais, tanto nas pequenas comunidades que vivem \u00e0s margens dos rios, como com os povos ind\u00edgenas; E mais, vi neles uma verdadeira reciprocidade, um desejo e uma necessidade de receber visitas qualitativas em pequenos grupos, a fim de garantir um turismo justo e sustent\u00e1vel que seja imediatamente ben\u00e9fico!<\/p><p>Bem, nem tanto, porque precisamente antes disso, eu era o turista que voc\u00ea \u00e9, e foi tamb\u00e9m atrav\u00e9s de um franc\u00eas, Bernard, dono do famoso barco Amazon Dream, que descobri a regi\u00e3o em 2014, enquanto fazia um World Tour.\u00a0 Fui visitar mais do que os roteiros existentes, e \u00e9 por isso que hoje podemos nos orgulhar de oferecer pacotes exclusivos que voc\u00ea n\u00e3o encontrar\u00e1 em nenhum outro lugar.<\/p><p>\u00c9 claro que n\u00e3o me esqueci do que eu mesmo vim aqui na \u00e9poca e, portanto, quais podem ser suas expectativas com a ideia de viajar por esta Terra m\u00edtica.<\/p><p>Mas mais do que uma terra, s\u00e3o os seus majestosos rios que levaremos para descobrir as riquezas da regi\u00e3o. Para isso, nossa frota \u00e9 composta por v\u00e1rios barcos e se oferecermos os mesmos cruzeiros Amazon Dream que excelentes colegas franceses em seus sites especializados em viagens para o outro lado do mundo, Bernard aceita de bom grado que podemos fretar o Amazon Dream para grupos que desejam ter um programa personalizado. Esta possibilidade de viagens &#8220;sob medida&#8221; tamb\u00e9m \u00e9 poss\u00edvel a bordo do Belle Amazon ou Amazon Dolphin, Giuseppe II, Comandante Emanuel e, finalmente, Comandante Levi, dos quais somos os \u00fanicos operadores e representantes na Europa.<\/p><p><strong>Para o antigo &#8220;viajante pelo mundo&#8221; que eu sou, voc\u00ea pode, e com raz\u00e3o, imaginar-me apaixonado por autenticidade e viagens imersivas.<\/strong><br \/>Foi assim que, ao longo do tempo, consegui criar la\u00e7os fortes com as popula\u00e7\u00f5es locais, tanto nas pequenas comunidades que vivem \u00e0s margens dos rios, como com os povos ind\u00edgenas; E mais, vi neles uma verdadeira reciprocidade, um desejo e uma necessidade de receber visitas qualitativas em pequenos grupos, a fim de garantir um turismo justo e sustent\u00e1vel que seja imediatamente ben\u00e9fico!<\/p><p>Ver\u00e1 por si mesmo, sem dist\u00e2ncia, sem intermedi\u00e1rios, os nativos que nos acolher\u00e3o s\u00e3o de grande simplicidade aliada a uma generosidade contagiante. Vamos lev\u00e1-lo \u00e0 sua terra, ao seu humilde habitat, a uma pequena cabana de madeira ou a uma maloca de palha porque \u00e9 seu desejo receb\u00ea-lo desta forma, partilhar a sua refei\u00e7\u00e3o ou inclu\u00ed-lo nos seus rituais.<\/p><p>Longe de ser um turismo de massas sem alma nem sabor, esta emocionante evolu\u00e7\u00e3o do ecoturismo para o etnoturismo realizado num profundo respeito pelas suas culturas e tradi\u00e7\u00f5es, resultou num impacto concreto ao n\u00edvel Humano para ambas as partes, traduzindo-se em ganhos socioecon\u00f3micos e ambientais. Voc\u00ea vai aprender com eles como eles v\u00e3o aprender com voc\u00ea. Sara e eu garantimos o intermedi\u00e1rio, organizar sua estadia, seus verdadeiros guias s\u00e3o os nativos das comunidades ribeirinhas e as aldeias ind\u00edgenas.<\/p><p>\u00c9, pois, este percurso marcante que Sara e eu vos oferecemos, um aut\u00eantico e comovente interc\u00e2mbio cultural em paisagens grandiosas, uma incr\u00edvel descoberta de um quotidiano t\u00e3o distante do vosso, uma intensa li\u00e7\u00e3o de vida que nos parece \u00fatil para o desenvolvimento pessoal de cada um de n\u00f3s&#8230; ou mesmo essencial, na minha opini\u00e3o, para quem quer &#8220;evoluir&#8221;.<\/p><p><strong>Depois de ter mencionado o Humano, gostaria de compartilhar com voc\u00eas o que a Amaz\u00f4nia me revelou sem que eu esperasse.<\/strong><\/p><p>Na verdade, como mencionei anteriormente, minha descoberta deste para\u00edso ocorreu enquanto eu estava em uma Turn\u00ea Mundial durante os anos de 2014 e 2015.<\/p><p>Tr\u00eas anos antes, em Fran\u00e7a, tinha sido v\u00edtima de uma queda grave que exigiu mais de dois anos de reabilita\u00e7\u00e3o. Num centro especializado, tive de lutar no in\u00edcio para poder voltar a sentar-me, habituar-me a viver numa cadeira de rodas, depois tentar levantar-me com a ajuda de muletas e por fim, e n\u00e3o sem dificuldade reaprender a andar para&#8230; 37 anos.<\/p><p>Foi assim que sa\u00ed do hospital com este novo estatuto de deficiente que decidi viajar pelo mundo, sozinha, de bengala na m\u00e3o e um saco grande nas costas, visitando dezenas de pa\u00edses ainda desconhecidos para mim, a fim de verificar o meu corpo &#8220;reparado&#8221; e conhecer os seus novos limites.<\/p><p>Foi assim que, durante minha visita \u00e0 Amaz\u00f4nia, fiquei surpreso ao descobrir, al\u00e9m das maravilhas da Natureza, que o clima e a energia do lugar pareciam &#8220;terap\u00eauticos&#8221; para o meu corpo, eu claramente sentia <em>(e ainda sinto)<\/em> menos dor aqui do que em qualquer outro lugar do mundo. Enquanto muitos outros destinos planejados provaram ser emocionantes ou informativos, nenhum deles me acalmou como a Amaz\u00f4nia&#8230; outras regi\u00f5es do mundo que eu tinha um grande desejo de visitar se afastaram de mim, enquanto paradoxalmente eu estava me aproximando, meu corpo n\u00e3o era mais capaz de suportar temperaturas muito baixas.<\/p><p>Se eu logicamente temia as zonas h\u00famidas que eu sabia que revelavam dores nas articula\u00e7\u00f5es, contra todas as probabilidades, esta Amaz\u00f3nia das Cara\u00edbas foi uma verdadeira revela\u00e7\u00e3o.<\/p><p>Situado entre a Amaz\u00f4nia muito tur\u00edstica e extremamente \u00famida de Manaus de um lado e a savana amaz\u00f4nica do outro <em>(sim, descobri isso tamb\u00e9m),<\/em> voc\u00ea ser\u00e1 cativado ao descobrir, al\u00e9m do cen\u00e1rio esperado, um clima quente mas longe de sufocante, chuvas furtivas de uma incr\u00edvel intensidade de beleza, praias paradis\u00edacas de areia branca permitindo banhos inimagin\u00e1veis,\u00a0 e noites sem&#8230; Sim, sim!!<\/p><p>Essa revela\u00e7\u00e3o que a Amaz\u00f4nia aceitou me oferecer, ter\u00e1 sido uma fonte de espanto a tal ponto que, durante toda a minha jornada na Copa do Mundo, volto 3 vezes para ter a confirma\u00e7\u00e3o de suas virtudes e finalmente tomar a iniciativa de me instalar l\u00e1.<\/p><p><strong>Meu desejo de respirar, absorver e depois compartilhar com os outros a energia amaz\u00f4nica nasceu<\/strong>!<\/p><p>Por isso, imagin\u00e1mos e completamos as nossas ofertas a pensar em si, o p\u00fablico recetivo a belas vibra\u00e7\u00f5es, aqueles que procuram escapadelas mas tamb\u00e9m simplicidade e generosidade, para si que \u00e9 apaixonado por atividades no meio da natureza ou amante de caminhadas, para todos aqueles que desejam ser cada vez mais surpreendidos com a contempla\u00e7\u00e3o de novas belezas naturais ou escapar, explorar os seus sentidos,\u00a0 fazer evoluir a alma num cen\u00e1rio com radia\u00e7\u00f5es \u00fanicas carregadas de sugest\u00f5es, est\u00edmulo \u00e0 estimula\u00e7\u00e3o do inconsciente e ao desbloqueio emocional, favor\u00e1vel \u00e0 escuta das nossas intui\u00e7\u00f5es e \u00e0 eleva\u00e7\u00e3o da nossa espiritualidade dentro da maior floresta do mundo.<\/p><p>E depois, claro, o que \u00e9 um grande motivo de orgulho, provando que uma pequena estrutura pode ser l\u00edder e liderar o caminho, ficaremos felizes em poder receb\u00ea-los muito em breve, voc\u00eas, meus irm\u00e3os em luta contra defici\u00eancias motoras. A continuar na p\u00e1gina Viagens Inclusivas.<\/p><p>Nestes tempos dif\u00edceis em que nascer de um lado ou de outro de uma fronteira pode moldar para sempre uma exist\u00eancia, em que a Pol\u00edtica, a Poupan\u00e7a e os Lucros parecem ser os vetores inabal\u00e1veis dos nossos l\u00edderes, em que um v\u00edrus nos isola durante meses entre 4 muros e o virtual tem preced\u00eancia sobre a sociabilidade, torna-se \u00f3bvio um regresso \u00e0s fontes desta natureza,\u00a0 uma necessidade para o despertar do cora\u00e7\u00e3o e da alma; um apelo ao respeito pelos outros, pelas popula\u00e7\u00f5es ditas mais d\u00e9beis, um convite ao respeito pela mem\u00f3ria e pelo conhecimento ancestral que tem sido cada vez mais aniquilado pela evolu\u00e7\u00e3o humana e, claro, uma exorta\u00e7\u00e3o ao respeito pela nossa Terra e pela sua abundante Natureza, talvez demasiado generosa para com a esp\u00e9cie animal ego\u00edsta que se diz &#8220;evolu\u00edda&#8221;.<\/p><p>\u00c9 assim que, talvez, compreenda ainda mais quando regressar \u00e0 Europa ou a qualquer outro lugar, a raz\u00e3o pela qual h\u00e1 muitas semanas escolheu este destino. Provavelmente como outros viajantes antes de voc\u00ea, voc\u00ea nos escrever\u00e1 meses e anos ap\u00f3s seu encontro amaz\u00f4nico para nos dizer o quanto a humildade imposta por tais descobertas participou de sua evolu\u00e7\u00e3o, transformando o que voc\u00ea pensava ser apenas uma viagem em v\u00e1rias&#8230;<\/p><p>\u00a0\ud83d\ude4f\ud83c\udffdAt\u00e9 breve, Fr\u00e9d\u00e9ric &amp; Sara<\/p><p><span style=\"font-size: 12px;\"><em>*empresa legalmente registrada no Minist\u00e9rio do Turismo do Brasil sob o n\u00famero 28.835.076\/0001-56<\/em><\/span><\/p><p style=\"text-align: center;\"><a href=\"https:\/\/amazonexpedition.com\/?p=9067\"><strong><em>Descubra o retrato de Bruna, nossa terapeuta, clicando aqui.<\/em><\/strong><\/a><\/p><p style=\"text-align: center;\"><em><br \/><img decoding=\"async\" class=\"size-medium wp-image-8149 aligncenter\" src=\"https:\/\/amazonexpedition.com\/wp-content\/uploads\/2024\/10\/SaveClip.App_373298657_18277306969198108_5082324969075758334_n-240x300.jpg\" alt=\"\" width=\"240\" height=\"300\" srcset=\"https:\/\/amazonexpedition.com\/wp-content\/uploads\/2024\/10\/SaveClip.App_373298657_18277306969198108_5082324969075758334_n-240x300.jpg 240w, https:\/\/amazonexpedition.com\/wp-content\/uploads\/2024\/10\/SaveClip.App_373298657_18277306969198108_5082324969075758334_n-819x1024.jpg 819w, https:\/\/amazonexpedition.com\/wp-content\/uploads\/2024\/10\/SaveClip.App_373298657_18277306969198108_5082324969075758334_n.jpg 1440w\" sizes=\"(max-width: 240px) 100vw, 240px\" \/><br \/><\/em><\/p><p style=\"text-align: center;\"><a href=\"https:\/\/amazonexpedition.com\/?page_id=7515\" target=\"_blank\" rel=\"noopener\">vers\u00e3o original francesa<\/a> \/ <a href=\"https:\/\/amazonexpedition.com\/?page_id=9020\" target=\"_blank\" rel=\"noopener\">vers\u00e3o inglesa<\/a> \/ <a href=\"https:\/\/amazonexpedition.com\/?page_id=9026\" target=\"_blank\" rel=\"noopener\">vers\u00e3o espanhola<\/a> \/ <a href=\"https:\/\/amazonexpedition.com\/?page_id=9039\" target=\"_blank\" rel=\"noopener\">vers\u00e3o italiana<\/a> \/ <a href=\"https:\/\/amazonexpedition.com\/?page_id=9045\" target=\"_blank\" rel=\"noopener\">vers\u00e3o alem\u00e3<\/a><\/p>\t\t\t\t\t\t<\/div>\n\t\t\t\t<\/div>\n\t\t\t\t\t<\/div>\n\t\t\t\t<\/div>\n\t\t<div class=\"elementor-element elementor-element-f6a88a2 e-flex e-con-boxed e-con e-parent\" data-id=\"f6a88a2\" data-element_type=\"container\">\n\t\t\t\t\t<div class=\"e-con-inner\">\n\t\t\t\t\t<\/div>\n\t\t\t\t<\/div>\n\t\t\t\t<\/div>\n\t\t","protected":false},"excerpt":{"rendered":"<p>Ol\u00e1 a todos, somos Sara e Fred vers\u00f5es noutras l\u00ednguas, consulte o final da p\u00e1gina Eu, Sara, sou Amaz\u00f4nia cabocla brasileira, descendente do povo ind\u00edgena Apiaka. Conheci Fr\u00e9d\u00e9ric, um viajante franc\u00eas enquanto ele estava em uma turn\u00ea mundial em 2014\/2015. Caindo sob o feiti\u00e7o da Amaz\u00f4nia (ele explicar\u00e1 o porqu\u00ea), ele voltou v\u00e1rias vezes durante [&hellip;]<\/p>\n","protected":false},"author":1,"featured_media":0,"parent":0,"menu_order":0,"comment_status":"closed","ping_status":"closed","template":"elementor_header_footer","meta":{"footnotes":""},"class_list":["post-9031","page","type-page","status-publish","hentry"],"_links":{"self":[{"href":"https:\/\/amazonexpedition.com\/index.php?rest_route=\/wp\/v2\/pages\/9031","targetHints":{"allow":["GET"]}}],"collection":[{"href":"https:\/\/amazonexpedition.com\/index.php?rest_route=\/wp\/v2\/pages"}],"about":[{"href":"https:\/\/amazonexpedition.com\/index.php?rest_route=\/wp\/v2\/types\/page"}],"author":[{"embeddable":true,"href":"https:\/\/amazonexpedition.com\/index.php?rest_route=\/wp\/v2\/users\/1"}],"replies":[{"embeddable":true,"href":"https:\/\/amazonexpedition.com\/index.php?rest_route=%2Fwp%2Fv2%2Fcomments&post=9031"}],"version-history":[{"count":10,"href":"https:\/\/amazonexpedition.com\/index.php?rest_route=\/wp\/v2\/pages\/9031\/revisions"}],"predecessor-version":[{"id":9118,"href":"https:\/\/amazonexpedition.com\/index.php?rest_route=\/wp\/v2\/pages\/9031\/revisions\/9118"}],"wp:attachment":[{"href":"https:\/\/amazonexpedition.com\/index.php?rest_route=%2Fwp%2Fv2%2Fmedia&parent=9031"}],"curies":[{"name":"wp","href":"https:\/\/api.w.org\/{rel}","templated":true}]}}