{"id":9026,"date":"2025-10-13T12:02:22","date_gmt":"2025-10-13T12:02:22","guid":{"rendered":"https:\/\/amazonexpedition.com\/?page_id=9026"},"modified":"2025-10-13T14:58:22","modified_gmt":"2025-10-13T14:58:22","slug":"who-we-are-3","status":"publish","type":"page","link":"https:\/\/amazonexpedition.com\/?page_id=9026","title":{"rendered":"Who we are vESP"},"content":{"rendered":"\t\t<div data-elementor-type=\"wp-page\" data-elementor-id=\"9026\" class=\"elementor elementor-9026\" data-elementor-post-type=\"page\">\n\t\t\t\t<div class=\"elementor-element elementor-element-717896f e-flex e-con-boxed e-con e-parent\" data-id=\"717896f\" data-element_type=\"container\">\n\t\t\t\t\t<div class=\"e-con-inner\">\n\t\t\t\t<div class=\"elementor-element elementor-element-8805209 elementor-widget elementor-widget-heading\" data-id=\"8805209\" data-element_type=\"widget\" data-widget_type=\"heading.default\">\n\t\t\t\t<div class=\"elementor-widget-container\">\n\t\t\t<style>\/*! elementor - v3.21.0 - 18-04-2024 *\/\n.elementor-heading-title{padding:0;margin:0;line-height:1}.elementor-widget-heading .elementor-heading-title[class*=elementor-size-]>a{color:inherit;font-size:inherit;line-height:inherit}.elementor-widget-heading .elementor-heading-title.elementor-size-small{font-size:15px}.elementor-widget-heading .elementor-heading-title.elementor-size-medium{font-size:19px}.elementor-widget-heading .elementor-heading-title.elementor-size-large{font-size:29px}.elementor-widget-heading .elementor-heading-title.elementor-size-xl{font-size:39px}.elementor-widget-heading .elementor-heading-title.elementor-size-xxl{font-size:59px}<\/style><h2 class=\"elementor-heading-title elementor-size-default\">Hola a todos, somos Sara y Fred <\/h2>\t\t<\/div>\n\t\t\t\t<\/div>\n\t\t\t\t<div class=\"elementor-element elementor-element-481d485 elementor-widget elementor-widget-heading\" data-id=\"481d485\" data-element_type=\"widget\" data-widget_type=\"heading.default\">\n\t\t\t\t<div class=\"elementor-widget-container\">\n\t\t\t<h2 class=\"elementor-heading-title elementor-size-default\"><span style=\"font-size: 9px;\">Versiones en otros idiomas, ver final de p\u00e1gina<\/span><\/h2>\t\t<\/div>\n\t\t\t\t<\/div>\n\t\t\t\t\t<\/div>\n\t\t\t\t<\/div>\n\t\t<div class=\"elementor-element elementor-element-f76f2d1 e-flex e-con-boxed e-con e-parent\" data-id=\"f76f2d1\" data-element_type=\"container\">\n\t\t\t\t\t<div class=\"e-con-inner\">\n\t\t<div class=\"elementor-element elementor-element-ca51223 e-con-full e-flex e-con e-child\" data-id=\"ca51223\" data-element_type=\"container\">\n\t\t\t\t<div class=\"elementor-element elementor-element-3e79dcf elementor-widget elementor-widget-text-editor\" data-id=\"3e79dcf\" data-element_type=\"widget\" data-widget_type=\"text-editor.default\">\n\t\t\t\t<div class=\"elementor-widget-container\">\n\t\t\t<style>\/*! elementor - v3.21.0 - 18-04-2024 *\/\n.elementor-widget-text-editor.elementor-drop-cap-view-stacked .elementor-drop-cap{background-color:#69727d;color:#fff}.elementor-widget-text-editor.elementor-drop-cap-view-framed .elementor-drop-cap{color:#69727d;border:3px solid;background-color:transparent}.elementor-widget-text-editor:not(.elementor-drop-cap-view-default) .elementor-drop-cap{margin-top:8px}.elementor-widget-text-editor:not(.elementor-drop-cap-view-default) .elementor-drop-cap-letter{width:1em;height:1em}.elementor-widget-text-editor .elementor-drop-cap{float:left;text-align:center;line-height:1;font-size:50px}.elementor-widget-text-editor .elementor-drop-cap-letter{display:inline-block}<\/style>\t\t\t\t<p>Yo, Sara, soy una amazona brasile\u00f1a Cabocla, descendiente del pueblo ind\u00edgena Apiaka. Conoc\u00ed a Fr\u00e9d\u00e9ric, un viajero franc\u00e9s mientras estaba en una gira mundial en 2014\/2015. Cayendo bajo el hechizo del Amazonas <em>(\u00e9l explicar\u00e1 por qu\u00e9),<\/em> regres\u00f3 varias veces durante su viaje por el mundo y los v\u00ednculos se crearon naturalmente con mi familia. Desde 2017, hemos estado recibiendo visitantes de todo el mundo, sin ninguna condici\u00f3n f\u00edsica particular y de todas las edades, en nuestra peque\u00f1a estructura* de eco y etnoturismo, ofreciendo emocionantes inmersiones en la aut\u00e9ntica vida amaz\u00f3nica, tanto en el opulento bosque primario como con comunidades nativas e ind\u00edgenas.<\/p>\t\t\t\t\t\t<\/div>\n\t\t\t\t<\/div>\n\t\t\t\t<\/div>\n\t\t<div class=\"elementor-element elementor-element-2482497 e-con-full e-flex e-con e-child\" data-id=\"2482497\" data-element_type=\"container\">\n\t\t\t\t<div class=\"elementor-element elementor-element-88a9d6c elementor-widget elementor-widget-ld_fancy_image\" data-id=\"88a9d6c\" data-element_type=\"widget\" data-widget_type=\"ld_fancy_image.default\">\n\t\t\t\t<div class=\"elementor-widget-container\">\n\t\t\t\n\t\t<div class=\"lqd-imggrp-single d-block pos-rel \">\n\t\t\t<div class=\"lqd-imggrp-img-container d-inline-flex pos-rel align-items-center justify-content-center \">\n\t\t\t\t\t\t\t\t<figure class=\"w-100 pos-rel\">\n\t\t\t\t\t<img fetchpriority=\"high\" decoding=\"async\" width=\"5496\" height=\"3299\" src=\"https:\/\/amazonexpedition.com\/wp-content\/uploads\/2024\/05\/nos.jpg\" class=\"attachment-full size-full wp-image-7521\" alt=\"\" srcset=\"https:\/\/amazonexpedition.com\/wp-content\/uploads\/2024\/05\/nos.jpg 5496w, https:\/\/amazonexpedition.com\/wp-content\/uploads\/2024\/05\/nos-300x180.jpg 300w, https:\/\/amazonexpedition.com\/wp-content\/uploads\/2024\/05\/nos-1024x615.jpg 1024w, https:\/\/amazonexpedition.com\/wp-content\/uploads\/2024\/05\/nos-1536x922.jpg 1536w, https:\/\/amazonexpedition.com\/wp-content\/uploads\/2024\/05\/nos-2048x1229.jpg 2048w\" sizes=\"(max-width: 5496px) 100vw, 5496px\" itemprop=\"image\" \/>\t\t\t\t\t\t\t\t\t\t\t\t\t\t\t\t\t\t\t\t\t\t\t\t\t\t\t\t\t<\/figure>\n\t\t\t<\/div>\n\t\t<\/div>\n\n\t\t\t<\/div>\n\t\t\t\t<\/div>\n\t\t\t\t<\/div>\n\t\t\t\t\t<\/div>\n\t\t\t\t<\/div>\n\t\t<div class=\"elementor-element elementor-element-21437c1 e-flex e-con-boxed e-con e-parent\" data-id=\"21437c1\" data-element_type=\"container\">\n\t\t\t\t\t<div class=\"e-con-inner\">\n\t\t\t\t<div class=\"elementor-element elementor-element-52aa22d elementor-widget elementor-widget-text-editor\" data-id=\"52aa22d\" data-element_type=\"widget\" data-widget_type=\"text-editor.default\">\n\t\t\t\t<div class=\"elementor-widget-container\">\n\t\t\t\t\t\t\t<p>Si ahora tengo un buen dominio del idioma franc\u00e9s, tengo un poco m\u00e1s de problemas para escribirlo, as\u00ed que te dejo descubrir m\u00e1s a continuaci\u00f3n con Fred y te invito a ver este peque\u00f1o video de presentaci\u00f3n <a href=\"https:\/\/youtu.be\/5lj0vYRkoxs\">haciendo clic aqu\u00ed.<\/a><br \/><strong>No dude en ponerse en contacto con nosotros y discutir su futuro proyecto de viaje&#8230; ya ver\u00e1s, \u00a1el Amazonas sorprende incluso m\u00e1s de lo que imaginas!<br \/><\/strong><em>PD: Nuestro equipo es una gran familia formada por gu\u00edas de habla inglesa, italiana, portuguesa, espa\u00f1ola y, por supuesto, francesa, pero tambi\u00e9n conductores de coches, minibuses y autocares que te recogen en el aeropuerto, pilotos de peque\u00f1as embarcaciones motorizadas y capitanes de barcos regionales; todos ellos, por supuesto, est\u00e1n legalmente autorizados. Nuestro personal tambi\u00e9n incluye cocineros, masajistas, socios propietarios de casas de hu\u00e9spedes&#8230; sin olvidar por supuesto a nuestros anfitriones y amigos, nativos de Caboclos, Ribeirinhos y nativos que siempre nos abren los brazos y las puertas de par en par, compartiendo humildemente sus conocimientos ancestrales y que nos iluminan con su amabilidad y sus sonrisas&#8230; <\/em><em>\u00a1Muchas gracias a todos!<\/em><\/p><p style=\"text-align: center;\"><em>___________<\/em><\/p><p>Hola, soy Fred, un franc\u00e9s de la regi\u00f3n de Breta\u00f1a (Breizh) que vive en la Amazon\u00eda brasile\u00f1a desde 2016. Con mi esposa Sara, ind\u00edgena, y nuestros dos hijos nacidos aqu\u00ed, me gusta recordar la uni\u00f3n de nuestras respectivas ra\u00edces, convirti\u00e9ndonos en una peque\u00f1a familia de &#8230; Breizhiliens.<\/p><p>Tambi\u00e9n podr\u00eda introducir r\u00e1pidamente mis Amores en esta presentaci\u00f3n, porque en cualquier caso, ser\u00e1 dif\u00edcil que no los conozcas cuando vengas aqu\u00ed, ya que estamos muy conectados.<\/p><p>Vivir en condiciones tan alejadas de tu vida cotidiana, con una forma local de operar pero tambi\u00e9n infraestructuras, un sistema, un ritmo tan diferente de la vida europea&#8230; Todos estos elementos hacen que la organizaci\u00f3n de nuestra peque\u00f1a empresa sea necesariamente familiar. Nuestras expediciones en tierras ind\u00edgenas durante varios d\u00edas, tenemos que componer, a veces alternar entre Sara, nuestros gu\u00edas y yo o por el contrario ir todos juntos &#8220;en familia&#8221; para saborear la realidad de nuestros anfitriones, guardianes del bosque.<\/p><p>Pero entonces, \u00bfqu\u00e9 quieres decir?<strong><br \/>Un franc\u00e9s para ayudarte a descubrir las Maravillas del Amazonas, un poco sorprendente, \u00bfno?<br \/><\/strong><br \/>Pues no tanto, porque precisamente antes de eso, yo era el turista que eres, y tambi\u00e9n fue a trav\u00e9s de un franc\u00e9s, Bernard, due\u00f1o del famoso barco Amazon Dream, que descubr\u00ed la regi\u00f3n en 2014 mientras hac\u00eda una vuelta al mundo.\u00a0 Fui a visitar m\u00e1s de los itinerarios existentes, por lo que hoy podemos enorgullecernos de ofrecer paquetes exclusivos que no encontrar\u00e1s en ning\u00fan otro lugar.<\/p><p>Por supuesto, no he olvidado para qu\u00e9 vine aqu\u00ed en ese momento y, por lo tanto, cu\u00e1les pueden ser sus expectativas ante la idea de viajar a trav\u00e9s de esta Tierra m\u00edtica.<\/p><p>Pero m\u00e1s que una tierra, son sus majestuosos r\u00edos los que tomaremos para descubrir las riquezas de la regi\u00f3n. Para ello, nuestra flota est\u00e1 compuesta por varios barcos y si ofrecemos los mismos cruceros Amazon Dream que excelentes colegas franceses en sus sitios web especializados en viajes al otro lado del mundo, Bernard acepta con gusto que podamos alquilar Amazon Dream para grupos que deseen tener un programa personalizado. Esta posibilidad de viajar &#8220;a medida&#8221; tambi\u00e9n es posible a bordo del Belle Amazon &amp; Amazon Dolphin, Giuseppe II, Comandante Emanuel y finalmente Comandante Levi, del que somos los \u00fanicos operadores y representantes en Europa.<\/p><p><strong>Para el antiguo &#8220;Tour du Mondeiste&#8221; que soy, puedes, y con raz\u00f3n, imaginarme aficionado a la autenticidad y los viajes inmersivos.<\/strong><br \/>Es as\u00ed como, a lo largo del tiempo, he podido crear fuertes v\u00ednculos con las poblaciones locales tanto en las peque\u00f1as comunidades que viven en las orillas de los r\u00edos como con los pueblos ind\u00edgenas; Y lo que es m\u00e1s, vi en ellos una verdadera reciprocidad, un deseo y una necesidad de recibir visitas cualitativas en grupos peque\u00f1os para garantizar un turismo justo y sostenible que sea inmediatamente beneficioso.<\/p><p>Lo comprobar\u00e1 usted mismo, sin distancia, sin intermediarios, los nativos que nos dar\u00e1n la bienvenida son de gran sencillez junto con una generosidad contagiosa. Te llevaremos a su tierra, a su humilde h\u00e1bitat, a una peque\u00f1a choza de madera o a una maloca de paja porque es su deseo recibirte de esta manera, compartir su comida o incluirte en sus rituales.<\/p><p>Lejos de un turismo de masas sin alma ni sabor, esta apasionante evoluci\u00f3n del ecoturismo al etnoturismo realizada en un profundo respeto por sus culturas y tradiciones, ha resultado en un impacto concreto a nivel humano para ambas partes, traduci\u00e9ndose en ganancias socioecon\u00f3micas y ambientales. Aprender\u00e1s de ellos como ellos aprender\u00e1n de ti. Sara y yo garantizamos el intermediario, organizar su estad\u00eda, sus verdaderos gu\u00edas son los nativos de las comunidades ribere\u00f1as y las &#8220;aldeias&#8221; (pueblos) ind\u00edgenas.<\/p><p>Es por tanto este viaje impactante el que Sara y yo les ofrecemos, un aut\u00e9ntico y conmovedor intercambio cultural en paisajes grandiosos, un descubrimiento incre\u00edble de una vida cotidiana tan lejos de la suya, una intensa lecci\u00f3n de vida que nos parece \u00fatil para el desarrollo personal de cada uno de nosotros&#8230; o incluso imprescindible, en mi opini\u00f3n, para aquellos que quieren &#8220;evolucionar&#8221;.<\/p><p><strong>Despu\u00e9s de haber mencionado al Humano, me gustar\u00eda compartir con ustedes lo que la Amazon\u00eda me ha revelado sin que yo lo esperara.<\/strong><\/p><p>De hecho, como mencion\u00e9 anteriormente, mi descubrimiento de este para\u00edso tuvo lugar mientras estaba en una gira mundial durante los a\u00f1os 2014 y 2015.<\/p><p>Tres a\u00f1os antes, en Francia, hab\u00eda sido v\u00edctima de una grave ca\u00edda que requiri\u00f3 m\u00e1s de dos a\u00f1os de rehabilitaci\u00f3n. En un centro especializado, tuve que luchar al principio para poder volver a sentarme, acostumbrarme a vivir en silla de ruedas, luego intentar levantarme con la ayuda de muletas y finalmente, y no sin dificultad volver a aprender a caminar para&#8230; 37 a\u00f1os.<\/p><p>As\u00ed que fue cuando sal\u00ed del hospital con este nuevo estatus de discapacitado que decid\u00ed viajar por el mundo, solo, bast\u00f3n en mano y una gran bolsa a la espalda, visitando decenas de pa\u00edses a\u00fan desconocidos para m\u00ed, para revisar mi cuerpo &#8220;reparado&#8221; y conocer sus nuevos l\u00edmites.<\/p><p>Es as\u00ed como durante mi visita al Amazonas, me sorprendi\u00f3 descubrir, adem\u00e1s de las maravillas de la Naturaleza, que el clima y la energ\u00eda del lugar parec\u00edan &#8220;terap\u00e9uticos&#8221; para mi cuerpo, claramente sent\u00eda <em>(y sigo sintiendo)<\/em> menos dolor aqu\u00ed que en cualquier otro lugar del mundo. Si bien muchos otros destinos planificados han demostrado ser emocionantes o informativos, ninguno de ellos me ha calmado como lo hace el Amazonas&#8230; otras regiones del mundo que ten\u00eda muchas ganas de visitar se han alejado de m\u00ed, mientras que parad\u00f3jicamente me estaba acercando, mi cuerpo ya no pod\u00eda soportar temperaturas demasiado bajas.<\/p><p>Si l\u00f3gicamente tem\u00eda que los humedales que sab\u00eda que revelaban dolor en las articulaciones, contra todo pron\u00f3stico, esta Amazon\u00eda caribe\u00f1a fue una verdadera revelaci\u00f3n.<\/p><p>Situado entre el Amazonas de Manaos, demasiado tur\u00edstico y extremadamente h\u00famedo, por un lado y la sabana amaz\u00f3nica por el otro <em>(s\u00ed, yo tambi\u00e9n lo descubr\u00ed),<\/em> te cautivar\u00e1 descubrir, adem\u00e1s del escenario esperado, un clima c\u00e1lido pero lejos de ser sofocante, lluvias furtivas de una incre\u00edble intensidad de belleza, paradis\u00edacas playas de arena blanca que permiten nadar inimaginablemente,\u00a0 y noches sin &#8230; \u00a1\u00a1Mosquito!\u00a1S\u00ed, s\u00ed!!<\/p><p>Esta presentaci\u00f3n que el Amazonas ha aceptado ofrecerme, habr\u00e1 sido motivo de asombro a tal punto que durante todo mi viaje mundialista, vuelvo 3 veces para tener confirmaci\u00f3n de sus virtudes y finalmente tomar la iniciativa de instalarme all\u00ed.<\/p><p><strong>\u00a1Naci\u00f3 mi deseo de respirar, absorber y luego compartir con los dem\u00e1s la energ\u00eda amaz\u00f3nica<\/strong>!<\/p><p>Por lo tanto, hemos imaginado y completado nuestras ofertas pensando en ti, el p\u00fablico receptivo a las bellas vibraciones, los que buscan escapadas pero tambi\u00e9n sencillez y generosidad, para ti que te apasionan las actividades en plena naturaleza o los amantes del senderismo, para todos aquellos que desean sorprenderse cada vez m\u00e1s con la contemplaci\u00f3n de nuevas bellezas naturales o escapar, explorar sus sentidos,\u00a0 hacer evolucionar el alma en un entorno con radiaciones \u00fanicas cargadas de sugerencias, inducir a la estimulaci\u00f3n del inconsciente y al desbloqueo emocional, favorable a la escucha de nuestras intuiciones y a la elevaci\u00f3n de nuestra espiritualidad dentro del bosque m\u00e1s grande del mundo.<\/p><p>Y luego, por supuesto, lo cual es una gran fuente de orgullo, demostrando que una peque\u00f1a estructura puede ser l\u00edder y liderar el camino, estaremos felices de poder recibirlos muy pronto, ustedes, mis hermanos en lucha con discapacidades motoras. Continuar\u00e1 en la p\u00e1gina de Viajes Incluidos.<\/p><p>En estos tiempos dif\u00edciles en los que nacer a un lado u otro de una frontera puede moldear para siempre una existencia, cuando la Pol\u00edtica, el Ahorro y las Ganancias parecen ser los vectores inquebrantables de nuestros l\u00edderes, cuando un virus nos a\u00edsla durante meses entre 4 paredes y lo virtual prima sobre la sociabilidad, se hace evidente un retorno a las fuentes de esta naturaleza,\u00a0 una necesidad para el despertar del coraz\u00f3n y el alma; un llamado al respeto por los dem\u00e1s, las llamadas poblaciones m\u00e1s d\u00e9biles, una invitaci\u00f3n a respetar la memoria y el conocimiento ancestral que ha sido cada vez m\u00e1s aniquilado por la evoluci\u00f3n humana y por supuesto una exhortaci\u00f3n a respetar nuestra Tierra y su abundante Naturaleza, quiz\u00e1s demasiado generosa con la especie animal ego\u00edsta que se autodenomina &#8220;evolucionada&#8221;.<\/p><p>As\u00ed es como, quiz\u00e1s, entender\u00e1s a\u00fan m\u00e1s cuando vuelvas a Europa o a otro lugar, la raz\u00f3n por la que hace muchas semanas elegiste este destino. Probablemente como otros viajeros antes que t\u00fa, nos escribir\u00e1s meses y a\u00f1os despu\u00e9s de tu encuentro amaz\u00f3nico para contarnos cu\u00e1nto ha participado en tu evoluci\u00f3n la humildad impuesta por tales descubrimientos, transformando lo que pensabas que era solo un viaje en varios&#8230;<\/p><p>\u00a0\ud83d\ude4f\ud83c\udffdHasta pronto, Fr\u00e9d\u00e9ric y Sara<\/p><p style=\"text-align: left;\"><span style=\"font-size: 12px;\"><em>*empresa legalmente registrada en el Ministerio de Turismo de Brasil con el n\u00famero 28.835.076\/0001-56<\/em><\/span><\/p><p style=\"text-align: center;\"><a href=\"https:\/\/amazonexpedition.com\/?p=9062\"><strong><em>Descubre el retrato de Bruna, nuestra terapeuta, haciendo clic aqu\u00ed.<\/em><\/strong><\/a><\/p><p style=\"text-align: center;\"><em><br \/><img decoding=\"async\" class=\"size-medium wp-image-8149 aligncenter\" src=\"https:\/\/amazonexpedition.com\/wp-content\/uploads\/2024\/10\/SaveClip.App_373298657_18277306969198108_5082324969075758334_n-240x300.jpg\" alt=\"\" width=\"240\" height=\"300\" srcset=\"https:\/\/amazonexpedition.com\/wp-content\/uploads\/2024\/10\/SaveClip.App_373298657_18277306969198108_5082324969075758334_n-240x300.jpg 240w, https:\/\/amazonexpedition.com\/wp-content\/uploads\/2024\/10\/SaveClip.App_373298657_18277306969198108_5082324969075758334_n-819x1024.jpg 819w, https:\/\/amazonexpedition.com\/wp-content\/uploads\/2024\/10\/SaveClip.App_373298657_18277306969198108_5082324969075758334_n.jpg 1440w\" sizes=\"(max-width: 240px) 100vw, 240px\" \/><br \/><a href=\"https:\/\/amazonexpedition.com\/?page_id=7515\" target=\"_blank\" rel=\"noopener\">versi\u00f3n original em Frances<\/a> \/ <a href=\"https:\/\/amazonexpedition.com\/?page_id=9020\" target=\"_blank\" rel=\"noopener\">versi\u00f3n en ingl\u00e9s<\/a> \/ <a href=\"https:\/\/amazonexpedition.com\/?page_id=9031\" target=\"_blank\" rel=\"noopener\">versi\u00f3n en portugu\u00e9s<\/a> \/ <a href=\"https:\/\/amazonexpedition.com\/?page_id=9039\" target=\"_blank\" rel=\"noopener\">versi\u00f3n en italiano<\/a> \/ <a href=\"https:\/\/amazonexpedition.com\/?page_id=9045\" target=\"_blank\" rel=\"noopener\">versi\u00f3n en alem\u00e1n<\/a><br \/><\/em><\/p>\t\t\t\t\t\t<\/div>\n\t\t\t\t<\/div>\n\t\t\t\t\t<\/div>\n\t\t\t\t<\/div>\n\t\t<div class=\"elementor-element elementor-element-f6a88a2 e-flex e-con-boxed e-con e-parent\" data-id=\"f6a88a2\" data-element_type=\"container\">\n\t\t\t\t\t<div class=\"e-con-inner\">\n\t\t\t\t\t<\/div>\n\t\t\t\t<\/div>\n\t\t\t\t<\/div>\n\t\t","protected":false},"excerpt":{"rendered":"<p>Hola a todos, somos Sara y Fred Versiones en otros idiomas, ver final de p\u00e1gina Yo, Sara, soy una amazona brasile\u00f1a Cabocla, descendiente del pueblo ind\u00edgena Apiaka. Conoc\u00ed a Fr\u00e9d\u00e9ric, un viajero franc\u00e9s mientras estaba en una gira mundial en 2014\/2015. Cayendo bajo el hechizo del Amazonas (\u00e9l explicar\u00e1 por qu\u00e9), regres\u00f3 varias veces durante [&hellip;]<\/p>\n","protected":false},"author":1,"featured_media":0,"parent":0,"menu_order":0,"comment_status":"closed","ping_status":"closed","template":"elementor_header_footer","meta":{"footnotes":""},"class_list":["post-9026","page","type-page","status-publish","hentry"],"_links":{"self":[{"href":"https:\/\/amazonexpedition.com\/index.php?rest_route=\/wp\/v2\/pages\/9026","targetHints":{"allow":["GET"]}}],"collection":[{"href":"https:\/\/amazonexpedition.com\/index.php?rest_route=\/wp\/v2\/pages"}],"about":[{"href":"https:\/\/amazonexpedition.com\/index.php?rest_route=\/wp\/v2\/types\/page"}],"author":[{"embeddable":true,"href":"https:\/\/amazonexpedition.com\/index.php?rest_route=\/wp\/v2\/users\/1"}],"replies":[{"embeddable":true,"href":"https:\/\/amazonexpedition.com\/index.php?rest_route=%2Fwp%2Fv2%2Fcomments&post=9026"}],"version-history":[{"count":10,"href":"https:\/\/amazonexpedition.com\/index.php?rest_route=\/wp\/v2\/pages\/9026\/revisions"}],"predecessor-version":[{"id":9124,"href":"https:\/\/amazonexpedition.com\/index.php?rest_route=\/wp\/v2\/pages\/9026\/revisions\/9124"}],"wp:attachment":[{"href":"https:\/\/amazonexpedition.com\/index.php?rest_route=%2Fwp%2Fv2%2Fmedia&parent=9026"}],"curies":[{"name":"wp","href":"https:\/\/api.w.org\/{rel}","templated":true}]}}