{"id":7515,"date":"2024-05-16T16:25:49","date_gmt":"2024-05-16T16:25:49","guid":{"rendered":"https:\/\/amazonexpedition.com\/?page_id=7515"},"modified":"2025-10-13T14:40:33","modified_gmt":"2025-10-13T14:40:33","slug":"who-we-are","status":"publish","type":"page","link":"https:\/\/amazonexpedition.com\/?page_id=7515","title":{"rendered":"Who we are vFR"},"content":{"rendered":"\t\t<div data-elementor-type=\"wp-page\" data-elementor-id=\"7515\" class=\"elementor elementor-7515\" data-elementor-post-type=\"page\">\n\t\t\t\t<div class=\"elementor-element elementor-element-717896f e-flex e-con-boxed e-con e-parent\" data-id=\"717896f\" data-element_type=\"container\">\n\t\t\t\t\t<div class=\"e-con-inner\">\n\t\t\t\t<div class=\"elementor-element elementor-element-8805209 elementor-widget elementor-widget-heading\" data-id=\"8805209\" data-element_type=\"widget\" data-widget_type=\"heading.default\">\n\t\t\t\t<div class=\"elementor-widget-container\">\n\t\t\t<style>\/*! elementor - v3.21.0 - 18-04-2024 *\/\n.elementor-heading-title{padding:0;margin:0;line-height:1}.elementor-widget-heading .elementor-heading-title[class*=elementor-size-]>a{color:inherit;font-size:inherit;line-height:inherit}.elementor-widget-heading .elementor-heading-title.elementor-size-small{font-size:15px}.elementor-widget-heading .elementor-heading-title.elementor-size-medium{font-size:19px}.elementor-widget-heading .elementor-heading-title.elementor-size-large{font-size:29px}.elementor-widget-heading .elementor-heading-title.elementor-size-xl{font-size:39px}.elementor-widget-heading .elementor-heading-title.elementor-size-xxl{font-size:59px}<\/style><h2 class=\"elementor-heading-title elementor-size-default\">Bonjour \u00e0 tous, nous sommes Sara et Fred <\/h2>\t\t<\/div>\n\t\t\t\t<\/div>\n\t\t\t\t<div class=\"elementor-element elementor-element-481d485 elementor-widget elementor-widget-heading\" data-id=\"481d485\" data-element_type=\"widget\" data-widget_type=\"heading.default\">\n\t\t\t\t<div class=\"elementor-widget-container\">\n\t\t\t<h2 class=\"elementor-heading-title elementor-size-default\"><span style=\"font-size: 9px;\">versions en autres langues, voir en bas de page<\/span><\/h2>\t\t<\/div>\n\t\t\t\t<\/div>\n\t\t\t\t\t<\/div>\n\t\t\t\t<\/div>\n\t\t<div class=\"elementor-element elementor-element-f76f2d1 e-flex e-con-boxed e-con e-parent\" data-id=\"f76f2d1\" data-element_type=\"container\">\n\t\t\t\t\t<div class=\"e-con-inner\">\n\t\t<div class=\"elementor-element elementor-element-ca51223 e-con-full e-flex e-con e-child\" data-id=\"ca51223\" data-element_type=\"container\">\n\t\t\t\t<div class=\"elementor-element elementor-element-3e79dcf elementor-widget elementor-widget-text-editor\" data-id=\"3e79dcf\" data-element_type=\"widget\" data-widget_type=\"text-editor.default\">\n\t\t\t\t<div class=\"elementor-widget-container\">\n\t\t\t<style>\/*! elementor - v3.21.0 - 18-04-2024 *\/\n.elementor-widget-text-editor.elementor-drop-cap-view-stacked .elementor-drop-cap{background-color:#69727d;color:#fff}.elementor-widget-text-editor.elementor-drop-cap-view-framed .elementor-drop-cap{color:#69727d;border:3px solid;background-color:transparent}.elementor-widget-text-editor:not(.elementor-drop-cap-view-default) .elementor-drop-cap{margin-top:8px}.elementor-widget-text-editor:not(.elementor-drop-cap-view-default) .elementor-drop-cap-letter{width:1em;height:1em}.elementor-widget-text-editor .elementor-drop-cap{float:left;text-align:center;line-height:1;font-size:50px}.elementor-widget-text-editor .elementor-drop-cap-letter{display:inline-block}<\/style>\t\t\t\t<p>Moi Sara, je suis une Amazone Br\u00e9silienne Cabocla, descendante du peuple indig\u00e8ne Apiaka.<br \/>J\u2019ai rencontr\u00e9 Fr\u00e9d\u00e9ric, voyageur Fran\u00e7ais alors qu\u2019il effectuait un Tour du Monde en 2014\/2015.<br \/>Tomb\u00e9 sous le charme de l\u2019Amazonie <em>(il vous expliquera pourquoi)<\/em>, il y est revenu \u00e0 plusieurs reprises durant son p\u00e9riple mondial et les liens se sont naturellement cr\u00e9\u00e9s avec ma famille.<br \/>Depuis 2017, nous recevons au sein de notre petite structure d\u2019\u00e9co &amp; ethnotourisme* des visiteurs du Monde entier, sans conditions physiques particuli\u00e8res et de tout \u00e2ges,\u00a0 proposant de passionnantes immersions dans la vie authentique Amazonienne, tant dans l\u2019opulente for\u00eat primaire qu\u2019aupr\u00e8s de communaut\u00e9s natives et indig\u00e8nes.<\/p>\t\t\t\t\t\t<\/div>\n\t\t\t\t<\/div>\n\t\t\t\t<\/div>\n\t\t<div class=\"elementor-element elementor-element-2482497 e-con-full e-flex e-con e-child\" data-id=\"2482497\" data-element_type=\"container\">\n\t\t\t\t<div class=\"elementor-element elementor-element-88a9d6c elementor-widget elementor-widget-ld_fancy_image\" data-id=\"88a9d6c\" data-element_type=\"widget\" data-widget_type=\"ld_fancy_image.default\">\n\t\t\t\t<div class=\"elementor-widget-container\">\n\t\t\t\n\t\t<div class=\"lqd-imggrp-single d-block pos-rel \">\n\t\t\t<div class=\"lqd-imggrp-img-container d-inline-flex pos-rel align-items-center justify-content-center \">\n\t\t\t\t\t\t\t\t<figure class=\"w-100 pos-rel\">\n\t\t\t\t\t<img fetchpriority=\"high\" decoding=\"async\" width=\"5496\" height=\"3299\" src=\"https:\/\/amazonexpedition.com\/wp-content\/uploads\/2024\/05\/nos.jpg\" class=\"attachment-full size-full wp-image-7521\" alt=\"\" srcset=\"https:\/\/amazonexpedition.com\/wp-content\/uploads\/2024\/05\/nos.jpg 5496w, https:\/\/amazonexpedition.com\/wp-content\/uploads\/2024\/05\/nos-300x180.jpg 300w, https:\/\/amazonexpedition.com\/wp-content\/uploads\/2024\/05\/nos-1024x615.jpg 1024w, https:\/\/amazonexpedition.com\/wp-content\/uploads\/2024\/05\/nos-1536x922.jpg 1536w, https:\/\/amazonexpedition.com\/wp-content\/uploads\/2024\/05\/nos-2048x1229.jpg 2048w\" sizes=\"(max-width: 5496px) 100vw, 5496px\" itemprop=\"image\" \/>\t\t\t\t\t\t\t\t\t\t\t\t\t\t\t\t\t\t\t\t\t\t\t\t\t\t\t\t\t<\/figure>\n\t\t\t<\/div>\n\t\t<\/div>\n\n\t\t\t<\/div>\n\t\t\t\t<\/div>\n\t\t\t\t<\/div>\n\t\t\t\t\t<\/div>\n\t\t\t\t<\/div>\n\t\t<div class=\"elementor-element elementor-element-21437c1 e-flex e-con-boxed e-con e-parent\" data-id=\"21437c1\" data-element_type=\"container\">\n\t\t\t\t\t<div class=\"e-con-inner\">\n\t\t\t\t<div class=\"elementor-element elementor-element-52aa22d elementor-widget elementor-widget-text-editor\" data-id=\"52aa22d\" data-element_type=\"widget\" data-widget_type=\"text-editor.default\">\n\t\t\t\t<div class=\"elementor-widget-container\">\n\t\t\t\t\t\t\t<p style=\"text-align: left;\">Si je maitrise d\u00e9sormais correctement la langue Fran\u00e7aise, j\u2019ai en revanche un peu plus de mal \u00e0 l\u2019\u00e9crire, je vous laisse donc en d\u00e9couvrir plus ci-dessous en compagnie de Fred et vous invite \u00e0 visualiser cette petite vid\u00e9o de pr\u00e9sentation <a href=\"https:\/\/youtu.be\/5lj0vYRkoxs\" target=\"_blank\" rel=\"noopener\">en cliquant ici-m\u00eame.<\/a><br \/><strong>N&#8217;h\u00e9sitez pas \u00e0 nous contacter et \u00e9changer sur votre futur projet de voyage \u2026 vous verrez, l\u2019Amazonie surprend plus encore que ce que vous imaginez !<br \/><\/strong><em>ps : notre \u00e9quipe est une grande famille compos\u00e9e de guides parlant Anglais, Italien, Portugais, Espagnol et bien \u00e9videmment Fran\u00e7ais, mais aussi de conducteurs automobiles, minibus et autocars qui viennent vous chercher \u00e0 l&#8217;a\u00e9roport, de pilotes de petits embarcations motoris\u00e9es et de Commandants de bateaux r\u00e9gionaux; tous sont bien \u00e9videmment l\u00e9galement habilit\u00e9s. Notre staff s&#8217;est aussi des cuisini\u00e8res, des masseuses, des partenaires propri\u00e9taires de maisons d&#8217;h\u00f4tes &#8230; sans oublier bien \u00e9videmment nos h\u00f4tes et amis, natifs caboclos, ribeirinhos et indig\u00e8nes qui nous ouvrent toujours grands leurs bras et leurs portes, partageant humblement leurs savoirs ancestraux et qui nous illuminent par leur gentillesse et leurs sourires &#8230; un grand merci \u00e0 tous !<\/em><\/p><p style=\"text-align: center;\"><em>___________<\/em><\/p><p>Coucou, moi c\u2019est Fred, Breton install\u00e9 en Amazonie Br\u00e9silienne depuis 2016. Avec ma Femme Sara, autochtone et nos deux enfants n\u00e9s ici, j\u2019aime \u00e0 rappeler l\u2019union de nos racines respectives faisant de nous une petite famille de \u2026 Breizhiliens.<\/p><p>Autant introduire rapidement mes Amours dans cette pr\u00e9sentation, car de toute fa\u00e7on, il vous sera difficile de ne pas les rencontrer lors de votre venue ici, tant nous sommes connect\u00e9s.<\/p><p>Vivant dans des conditions tant \u00e9loign\u00e9es de votre quotidien, avec un mode de fonctionnement local mais aussi des infrastructures, un syst\u00e8me, un rythme tellement diff\u00e9rent de la vie Europ\u00e9enne \u2026 tous ces \u00e9l\u00e9ments font que l\u2019organisation de notre petite entreprise est obligatoirement familiale. Nos exp\u00e9ditions en terres indig\u00e8nes durant plusieurs jours, il nous faut composer, parfois alterner entre Sara, nos guides et moi-m\u00eame ou au contraire partir tous ensemble &#8220;en famille&#8221; savourer la r\u00e9alit\u00e9 de nos h\u00f4tes, gardiens de la for\u00eat.<\/p><p>Mais alors comment \u00e7a ?<strong><br \/>Un Fran\u00e7ais pour vous faire d\u00e9couvrir les Merveilles de l\u2019Amazonie, un peu surprenant, non\u00a0?<br \/><\/strong><br \/>Et bien pas tant que \u00e7a, car justement avant cela, j&#8217;ai \u00e9t\u00e9 moi-m\u00eame le touriste que vous \u00eates, et c\u2019est aussi par l\u2019interm\u00e9diaire d\u2019un Fran\u00e7ais, Bernard, propri\u00e9taire du fameux bateau Amazon Dream, que j\u2019ai d\u00e9couvert la r\u00e9gion en 2014 alors que j\u2019effectuais un Tour du Monde.<br \/>Depuis, face \u00e0 un potentiel touristique local sous-estim\u00e9 et de nature tr\u00e8s curieux, je suis all\u00e9 visiter plus qu&#8217;il n&#8217;y avait d&#8217;itin\u00e9raires existants, c&#8217;est pour cela qu&#8217;aujourd&#8217;hui, nous pouvons nous enorgueillir de proposer des formules exclusives que vous ne trouverez nulle part ailleurs.<\/p><p>Je n\u2019ai \u00e9videmment en rien oubli\u00e9 ce qu\u2019\u00e0 l\u2019\u00e9poque j\u2019\u00e9tais moi-m\u00eame venu chercher ici, et donc ce que peuvent-\u00eatre vos attentes \u00e0 l\u2019id\u00e9e de parcourir cette Terre mythique.<\/p><p>Mais plus qu\u2019une terre, ce sont bien ses fleuves majestueux que nous emprunterons pour d\u00e9couvrir les richesses de la r\u00e9gion.<br \/>Pour cela, notre flotte est compos\u00e9e de diverses embarcations et si nous proposons les m\u00eames croisi\u00e8res Amazon Dream que d\u2019excellents confr\u00e8res Fran\u00e7ais sur leurs sites internet sp\u00e9cialis\u00e9s en voyages au bout du Monde, Bernard accepte bien volontiers que nous puissions affr\u00e9ter Amazon Dream pour des groupes d\u00e9sireux d\u2019une programmation personnalis\u00e9e.<br \/>Cette possibilit\u00e9 de voyage \u00ab\u00a0sur-mesure\u00a0\u00bb est \u00e9galement envisageable \u00e0 bord de Belle Amazon &amp; Amazon Dolphin, Giuseppe II, Comandante Emanuel et enfin Comandante Levi, dont nous sommes les seuls exploitants et repr\u00e9sentants en France.<\/p><p><strong>Pour l\u2019ancien \u00ab\u00a0Tour du Mondiste\u00a0\u00bb que je suis, vous pouvez, et \u00e0 raison, m\u2019imaginer friands d\u2019authenticit\u00e9s et de voyages immersifs.<\/strong><br \/>C\u2019est ainsi qu\u2019avec le temps, j\u2019ai su cr\u00e9er des liens forts avec les populations locales tant dans les petites Communaut\u00e9s vivant en bord de Fleuves qu\u2019aupr\u00e8s de peuples indig\u00e8nes\u00a0;<br \/>et qui plus est, j\u2019ai vu en eux une r\u00e9elle r\u00e9ciprocit\u00e9, un d\u00e9sir et une n\u00e9cessit\u00e9 \u00e0\u00a0recevoir des visites qualitatives en petits groupes afin d\u2019assurer un tourisme \u00e9quitable et durable imm\u00e9diatement b\u00e9n\u00e9fique\u00a0!<\/p><p>Vous le constaterez par vous-m\u00eame, aucune distance, aucun interm\u00e9diaire, les autochtones qui nous accueilleront sont d\u2019une grande simplicit\u00e9 coupl\u00e9e d\u2019une contagieuse g\u00e9n\u00e9rosit\u00e9. Nous vous emm\u00e8nerons sur leurs terres, dans leur humble habitat, une petite baraque en bois ou une maloca de paille car ce sont bien leurs d\u00e9sirs de vous recevoir ainsi, de partager leur repas ou vous inclure \u00e0 leurs rituels.<\/p><p>Bien loin d\u2019un tourisme de masse sans \u00e2me ni saveur, cette passionnante \u00e9volution d\u2019un \u00e9cotourisme vers un ethnotourisme r\u00e9alis\u00e9e dans un profond respect de leurs cultures et traditions, a pour cons\u00e9quence un impact concret sur le plan Humain pour les 2 parties, se traduisant en gains socio-\u00e9conomiques et environnementaux.<br \/>Vous apprendrez d\u2019eux comme ils apprendront de vous.<br \/>Sara et moi garantissons l&#8217;entremise, organisons votre s\u00e9jour, vos v\u00e9ritables guides \u00e9tant les natifs des communaut\u00e9s de bord de fleuve et des &#8220;ald\u00e9ias&#8221; (villages) indig\u00e8nes.<\/p><p>C\u2019est donc ce saisissant voyage que Sara et moi vous proposons, un authentique et \u00e9mouvant \u00e9change culturel dans des paysages grandioses, une incroyable d\u00e9couverte d\u2019un quotidien tant \u00e9loign\u00e9 du v\u00f4tre, une intense le\u00e7on de vie qui nous semble utile au d\u00e9veloppement personnel de chacun d\u2019entre nous \u2026 voir indispensable, selon moi, pour qui veut \u00ab\u00a0\u00e9voluer\u00a0\u00bb.<\/p><p><strong>Apr\u00e8s avoir \u00e9voqu\u00e9 l\u2019Humain, je souhaite partager avec vous ce que l\u2019Amazonie m\u2019a r\u00e9v\u00e9l\u00e9 sans que je m\u2019y attende.<\/strong><\/p><p>En effet, comme je le citais plus t\u00f4t, ma d\u00e9couverte de ce paradis a eu lieu alors que j\u2019effectuais un Tour du Monde durant les ann\u00e9es 2014 et 2015.<\/p><p>Trois ann\u00e9es plus t\u00f4t en France, j&#8217;avais \u00e9t\u00e9 victime d&#8217;une grave chute n\u00e9cessitant plus de deux ann\u00e9es de r\u00e9\u00e9ducation.<br \/>En centre sp\u00e9cialis\u00e9, il m\u2019a fallu me battre dans un premier temps pour pouvoir m&#8217;asseoir nouvellement, m\u2019habituer \u00e0 vivre en chaise roulante, puis dans un second temps tenter me lever \u00e0 l\u2019aide de b\u00e9quilles et enfin, et non sans mal r\u00e9apprendre \u00e0 marcher \u00e0 \u2026 37 ans.<\/p><p>C\u2019est donc en sortant de l&#8217;H\u00f4pital avec ce nouveau statut d\u2019handicap\u00e9 que j\u2019ai d\u00e9cid\u00e9 de parcourir le Monde, seul, canne \u00e0 la main et un gros sac sur le dos, visitant des dizaines de pays encore inconnus pour moi, dans le but de v\u00e9rifier mon corps \u00ab\u00a0r\u00e9par\u00e9\u00a0\u00bb et en connaitre ses nouvelles limites.<\/p><p>C\u2019est ainsi que lors de mon passage en Amazonie, j&#8217;ai \u00e9t\u00e9 surpris de d\u00e9couvrir, en plus des merveilles de la Nature, que le climat et l&#8217;\u00e9nergie des lieux semblaient \u00ab\u00a0th\u00e9rapeutiques\u00a0\u00bb pour mon corps, je ressentais <em>(et ressens toujours)<\/em> clairement moins de douleurs ici que partout ailleurs dans le monde.<br \/>Si de nombreuses autres destinations planifi\u00e9es se sont r\u00e9v\u00e9l\u00e9es passionnantes ou riches en enseignements aucune ne m\u2019a toutefois apais\u00e9 comme le fait l\u2019Amazonie &#8230; d&#8217;autres r\u00e9gions du Monde dont j\u2019avais grand d\u00e9sir de visite se sont \u00e9loign\u00e9es de moi, alors que paradoxalement je m\u2019en approchais, mon corps ne supportant plus d\u2019affronter des temp\u00e9ratures trop basses.<\/p><p>Si je redoutais logiquement les zones humides que je savais r\u00e9v\u00e9latrices de douleurs articulaires, contre toute attente, cette Amazonie Carib\u00e9enne a \u00e9t\u00e9 une vraie r\u00e9v\u00e9lation.<\/p><p>Comprise entre la trop touristique et extr\u00eamement humide Amazonie de Manaus d\u2019un c\u00f4t\u00e9 et la savane Amazonienne de l\u2019autre <em>(oui cela aussi je l\u2019ai d\u00e9couvert),<\/em> vous serez subjugu\u00e9s de d\u00e9couvrir en plus du sc\u00e9nario attendu, un climat chaud mais loin d\u2019\u00eatre \u00e9touffant, des pr\u00e9cipitations furtives d\u2019une incroyable intensit\u00e9 de toute beaut\u00e9, des plages de sable blanc paradisiaques permettant d\u2019inimaginables baignades, et des nuits sans \u2026 moustique !<br \/>si, si !!<\/p><p>Ce d\u00e9voilement que l\u2019Amazonie a accept\u00e9 m\u2019offrir, aura donc \u00e9t\u00e9 source de stup\u00e9faction \u00e0 un point tel que durant tout mon p\u00e9riple Mondial, j\u2019y revienne par 3 fois pour avoir confirmation de ses vertus et finalement prendre l\u2019initiative de m\u2019y installer.<\/p><p><strong>Mon envie de respirer, absorber puis partager avec d&#8217;autres l&#8217;\u00e9nergie Amazonienne est ainsi n\u00e9e<\/strong>\u00a0!<\/p><p>Nous avons donc imagin\u00e9 et compl\u00e9t\u00e9 nos offres en pensant \u00e0 vous public r\u00e9ceptif aux belles ondes, demandeurs d\u2019\u00e9vasions mais aussi de simplicit\u00e9 et de g\u00e9n\u00e9rosit\u00e9, \u00e0 vous passionn\u00e9s d\u2019activit\u00e9s en pleine nature ou amateurs de randonn\u00e9es, \u00e0 tous ceux qui souhaitent s\u2019\u00e9merveiller toujours plus de la contemplation de nouvelles beaut\u00e9s naturelles ou s\u2019\u00e9vader, explorer ses sens, faire \u00e9voluer son \u00e2me dans un cadre aux rayonnements uniques charg\u00e9 de suggestions, prompt \u00e0 la stimulation de l&#8217;inconscient et au d\u00e9blocage \u00e9motionnel, favorable \u00e0 l&#8217;\u00e9coute de nos intuitions et l&#8217;\u00e9l\u00e9vation de notre spiritualit\u00e9 au sein de la plus grande for\u00eat du Monde.<\/p><p>Et puis bien s\u00fbr, ce qui repr\u00e9sente une grande fiert\u00e9, prouvant qu\u2019une petite structure peut \u00eatre leader et ouvrir la voie, nous serons heureux de pouvoir vous recevoir tr\u00e8s prochainement, vous mes fr\u00e8res de luttes porteurs de d\u00e9ficiences motrices. A suivre sur la page Voyage inclusif.<\/p><p>En ces temps difficiles o\u00f9 naitre d\u2019un c\u00f4t\u00e9 ou de l\u2019autre d\u2019une fronti\u00e8re peut fa\u00e7onner \u00e0 jamais une existence, quand Politiques, Economies et Profits semblent \u00eatre les vecteurs ind\u00e9fectibles de nos dirigeants, quand un virus nous isolent des mois durant entre 4 murs et que le virtuel prend le pas sur la sociabilit\u00e9,<br \/>un retour aux sources de cette nature devient une \u00e9vidence, une n\u00e9cessit\u00e9 \u00e0 l\u2019\u00e9veil du c\u0153ur et de l\u2019\u00e2me\u00a0; un appel au respect des autres, les populations dites les plus faibles, une invitation au respect de la m\u00e9moire et des savoirs ancestraux toujours plus annihil\u00e9s par l\u2019\u00e9volution humaine\u00a0et bien \u00e9videmment une exhortation au respect de notre Terre et sa Nature si abondante, trop g\u00e9n\u00e9reuse peut-\u00eatre envers l\u2019\u00e9gotique esp\u00e8ce animale qui se dit \u00ab\u00a0\u00e9volu\u00e9e\u00a0\u00bb.<\/p><p>C\u2019est ainsi que, peut-\u00eatre, comprendrez-vous plus encore lors de votre retour en Europe ou ailleurs, la raison pour laquelle il y a de nombreuses semaines d\u00e9j\u00e0, vous aviez fait le choix de cette destination.<br \/>Probablement comme d\u2019autres voyageurs avant vous, vous nous \u00e9crirez des mois et des ann\u00e9es apr\u00e8s votre rencontre Amazonienne pour nous conter \u00f4 combien l\u2019humilit\u00e9 qu\u2019impose de telles d\u00e9couvertes a su participer \u00e0 votre \u00e9volution, transformant ce que vous pensiez n\u2019\u00eatre qu\u2019un voyage en plusieurs\u2026<\/p><p>Soyez d\u00e9j\u00e0 Bienvenus \ud83d\ude4f\ud83c\udffd<br \/>A bient\u00f4t, Fr\u00e9d\u00e9ric &amp; Sara<\/p><p><span style=\"font-size: 14px;\"><em>*entreprise l\u00e9galement enregistr\u00e9e aupr\u00e8s du minist\u00e8re du tourisme du Br\u00e9sil sous le num\u00e9ro 28.835.076\/0001-56<\/em><\/span><\/p><p style=\"text-align: center;\"><em><a href=\"https:\/\/amazonexpedition.com\/?p=8305\" target=\"_blank\" rel=\"noopener\"><strong>D\u00e9couvrez le portrait de Bruna, notre th\u00e9rapeute, en cliquant ici m\u00eame.<\/strong><\/a><br \/><img decoding=\"async\" class=\"size-medium wp-image-8149 aligncenter\" src=\"https:\/\/amazonexpedition.com\/wp-content\/uploads\/2024\/10\/SaveClip.App_373298657_18277306969198108_5082324969075758334_n-240x300.jpg\" alt=\"\" width=\"240\" height=\"300\" srcset=\"https:\/\/amazonexpedition.com\/wp-content\/uploads\/2024\/10\/SaveClip.App_373298657_18277306969198108_5082324969075758334_n-240x300.jpg 240w, https:\/\/amazonexpedition.com\/wp-content\/uploads\/2024\/10\/SaveClip.App_373298657_18277306969198108_5082324969075758334_n-819x1024.jpg 819w, https:\/\/amazonexpedition.com\/wp-content\/uploads\/2024\/10\/SaveClip.App_373298657_18277306969198108_5082324969075758334_n.jpg 1440w\" sizes=\"(max-width: 240px) 100vw, 240px\" \/><br \/><a href=\"https:\/\/amazonexpedition.com\/?page_id=9020\" target=\"_blank\" rel=\"noopener\">version Anglaise<\/a> \/ <a href=\"https:\/\/amazonexpedition.com\/?page_id=9026\" target=\"_blank\" rel=\"noopener\">version Espagnol<\/a> \/ <a href=\"https:\/\/amazonexpedition.com\/?page_id=9031\" target=\"_blank\" rel=\"noopener\">version Portugaise<\/a> \/ <a href=\"https:\/\/amazonexpedition.com\/?page_id=9039\" target=\"_blank\" rel=\"noopener\">version Italienne<\/a> \/ <a href=\"https:\/\/amazonexpedition.com\/?page_id=9045\" target=\"_blank\" rel=\"noopener\">version Allemande<\/a><br \/><\/em><\/p>\t\t\t\t\t\t<\/div>\n\t\t\t\t<\/div>\n\t\t\t\t\t<\/div>\n\t\t\t\t<\/div>\n\t\t<div class=\"elementor-element elementor-element-f6a88a2 e-flex e-con-boxed e-con e-parent\" data-id=\"f6a88a2\" data-element_type=\"container\">\n\t\t\t\t\t<div class=\"e-con-inner\">\n\t\t\t\t\t<\/div>\n\t\t\t\t<\/div>\n\t\t\t\t<\/div>\n\t\t","protected":false},"excerpt":{"rendered":"<p>Bonjour \u00e0 tous, nous sommes Sara et Fred versions en autres langues, voir en bas de page Moi Sara, je suis une Amazone Br\u00e9silienne Cabocla, descendante du peuple indig\u00e8ne Apiaka.J\u2019ai rencontr\u00e9 Fr\u00e9d\u00e9ric, voyageur Fran\u00e7ais alors qu\u2019il effectuait un Tour du Monde en 2014\/2015.Tomb\u00e9 sous le charme de l\u2019Amazonie (il vous expliquera pourquoi), il y est [&hellip;]<\/p>\n","protected":false},"author":1,"featured_media":0,"parent":0,"menu_order":0,"comment_status":"closed","ping_status":"closed","template":"elementor_header_footer","meta":{"footnotes":""},"class_list":["post-7515","page","type-page","status-publish","hentry"],"_links":{"self":[{"href":"https:\/\/amazonexpedition.com\/index.php?rest_route=\/wp\/v2\/pages\/7515","targetHints":{"allow":["GET"]}}],"collection":[{"href":"https:\/\/amazonexpedition.com\/index.php?rest_route=\/wp\/v2\/pages"}],"about":[{"href":"https:\/\/amazonexpedition.com\/index.php?rest_route=\/wp\/v2\/types\/page"}],"author":[{"embeddable":true,"href":"https:\/\/amazonexpedition.com\/index.php?rest_route=\/wp\/v2\/users\/1"}],"replies":[{"embeddable":true,"href":"https:\/\/amazonexpedition.com\/index.php?rest_route=%2Fwp%2Fv2%2Fcomments&post=7515"}],"version-history":[{"count":89,"href":"https:\/\/amazonexpedition.com\/index.php?rest_route=\/wp\/v2\/pages\/7515\/revisions"}],"predecessor-version":[{"id":9112,"href":"https:\/\/amazonexpedition.com\/index.php?rest_route=\/wp\/v2\/pages\/7515\/revisions\/9112"}],"wp:attachment":[{"href":"https:\/\/amazonexpedition.com\/index.php?rest_route=%2Fwp%2Fv2%2Fmedia&parent=7515"}],"curies":[{"name":"wp","href":"https:\/\/api.w.org\/{rel}","templated":true}]}}